{"id":12,"date":"2021-06-10T08:24:41","date_gmt":"2021-06-10T08:24:41","guid":{"rendered":"http:\/\/xtratheme.comconstruction\/?page_id=6"},"modified":"2025-05-29T13:27:33","modified_gmt":"2025-05-29T13:27:33","slug":"hakkimizda","status":"publish","type":"page","link":"https:\/\/ekolaluminyum.com.tr\/index.php\/hakkimizda\/","title":{"rendered":"Hakk\u0131m\u0131zda"},"content":{"rendered":"<div class=\"wpb-content-wrapper\"><p>[vc_row][vc_column width=&#8221;1\/2&#8243;]<div id=\"cz_110682\" class=\"cz_110682 cz_title clr cz_title_pos_inline\"><div class=\"cz_title_content\"><span class=\"cz_line_side_solo\">_<\/span><div class=\"cz_wpe_content\"><h3 style=\"text-align: left;\">Hakk\u0131m\u0131zda<\/h3>\n<p style=\"text-align: left;\"><span style=\"color: #999999;\">Biz Kimiz?<\/span><\/p>\n<\/div><\/div><\/div><div class=\"cz_gap clr \" style=\"height: 25px\"><\/div>[vc_column_text]1997 y\u0131l\u0131nda kurulan Ekol Al\u00fcminyum, al\u00fcminyum profil, aksesuar ve PVC \u00fcr\u00fcnleri \u00fcretimi konusunda sekt\u00f6rdeki en k\u00f6kl\u00fc ve g\u00fcvenilir firmalardan biri olarak faaliyet g\u00f6stermektedir. Y\u00fcksek kaliteli \u00fcretim anlay\u0131\u015f\u0131m\u0131z, ileri teknoloji ile birle\u015ferek in\u015faat ve sanayi sekt\u00f6rlerinde geni\u015f bir m\u00fc\u015fteri portf\u00f6y\u00fcne hitap etmektedir.<\/p>\n<p>\u015eirketimizin faaliyet alanlar\u0131 ve altyap\u0131s\u0131 \u015fu \u015fekildedir:<\/p>\n<p><strong>\u00dcretim Tesislerimiz:<\/strong><\/p>\n<p>17.000 m\u00b2 kapal\u0131 alan \u00fczerinde faaliyet g\u00f6steren modern \u00fcretim tesisimiz, al\u00fcminyum profil ve aksesuar \u00fcretimi i\u00e7in son teknoloji ekipmanlarla donat\u0131lm\u0131\u015ft\u0131r.<\/p>\n<p>2 adet ekstr\u00fczyon hatt\u0131, ah\u015fap kalama hatt\u0131 ve t\u00fcnel f\u0131r\u0131n\u0131 ile \u00fcr\u00fcnlerimizin kalitesini s\u00fcrekli olarak en \u00fcst seviyede tutmaktay\u0131z.<\/p>\n<p><strong>Sat\u0131\u015f ve Da\u011f\u0131t\u0131m A\u011f\u0131:<\/strong><\/p>\n<p>3.000 m\u00b2 Gebze Merkez Sat\u0131\u015f Ma\u011fazas\u0131, 1.000 m\u00b2 Bal\u0131kesir Sat\u0131\u015f Ma\u011fazas\u0131 ve 1.000 m\u00b2 Trabzon Sat\u0131\u015f Ma\u011fazas\u0131 ile T\u00fcrkiye genelinde geni\u015f bir sat\u0131\u015f a\u011f\u0131na sahibiz.<\/p>\n<p>T\u00fcrkiye&#8217;nin farkl\u0131 b\u00f6lgelerinde g\u00fc\u00e7l\u00fc bayilik a\u011f\u0131m\u0131z ile m\u00fc\u015fteri taleplerine h\u0131zl\u0131 ve etkin bir \u015fekilde yan\u0131t veriyoruz.<\/p>\n<p><strong>\u00dcr\u00fcn \u00c7e\u015fitlerimiz:<\/strong><\/p>\n<p>Al\u00fcminyum profil ve aksesuarlar\u0131n\u0131n yan\u0131 s\u0131ra, PVC \u00fcr\u00fcnleri ve kompozit cephe panelleri \u00fcretiminde de faaliyet g\u00f6stermekteyiz. 2024 y\u0131l\u0131nda ba\u015flad\u0131\u011f\u0131m\u0131z kompozit cephe paneli \u00fcretimi, modern yap\u0131lar i\u00e7in estetik, dayan\u0131kl\u0131 ve enerji verimlili\u011fi sa\u011flayan \u00e7\u00f6z\u00fcmler sunmaktad\u0131r.<\/p>\n<p><strong>Vizyonumuz:<\/strong><\/p>\n<p>S\u00fcrekli yenilik ve kalite anlay\u0131\u015f\u0131n\u0131 benimseyerek, yerel ve uluslararas\u0131 pazarlarda sekt\u00f6rdeki liderli\u011fimizi peki\u015ftirmek. M\u00fc\u015fterilerimize en y\u00fcksek kalitede \u00fcr\u00fcn ve hizmeti sunmak i\u00e7in \u00e7al\u0131\u015fmaya devam etmek.<\/p>\n<p><strong>Misyonumuz:<\/strong><\/p>\n<p>Al\u00fcminyum ve PVC \u00fcr\u00fcnleri alan\u0131nda en ileri teknolojiyi kullanarak, sekt\u00f6rdeki en g\u00fcvenilir ve \u00e7\u00f6z\u00fcm odakl\u0131 tedarik\u00e7i olmay\u0131 hedefliyoruz. M\u00fc\u015fteri memnuniyetini her zaman \u00f6n planda tutarak, s\u00fcrd\u00fcr\u00fclebilir b\u00fcy\u00fcme ve geli\u015fimi\u00a0sa\u011flamak.[\/vc_column_text]<ul id=\"cz_34967\" class=\"cz_34967 cz_stylish_list clr cz_sl_icon_hover_zoom_in\"><li class=\"clr\"><div class=\"cz_sl_icon\"><i class=\"fa czico-193-checked mr10\" ><\/i><\/div><div><span>Kalite<\/span><\/div><\/li><li class=\"clr\"><div class=\"cz_sl_icon\"><i class=\"fa czico-193-checked mr10\" ><\/i><\/div><div><span>G\u00fcven<\/span><\/div><\/li><li class=\"clr\"><div class=\"cz_sl_icon\"><i class=\"fa czico-193-checked mr10\" ><\/i><\/div><div><span>Tecr\u00fcbe<\/span><\/div><\/li><\/ul>[\/vc_column][vc_column width=&#8221;1\/2&#8243;]<div id=\"cz_108555\" class=\"cz_108555 cz_image clr cz_image_no_fx center_on_mobile\"><div class=\"\" ><div class=\"cz_image_in\" data-tilt><div class=\"cz_main_image\"><img decoding=\"async\" width=\"600\" height=\"333\" src=\"data:image\/svg+xml,%3Csvg%20xmlns%3D&#39;http%3A%2F%2Fwww.w3.org%2F2000%2Fsvg&#39;%20width=&#39;600&#39;%20height=&#39;333&#39;%20viewBox%3D&#39;0%200%20600%20333&#39;%2F%3E\" data-czlz data-src=\"https:\/\/ekolaluminyum.com.tr\/wp-content\/uploads\/2021\/06\/about-1-600x333-1.jpg\" class=\"attachment-full\" alt=\"\" title=\"about-1-600x333\" data-srcset=\"https:\/\/ekolaluminyum.com.tr\/wp-content\/uploads\/2021\/06\/about-1-600x333-1.jpg 600w, https:\/\/ekolaluminyum.com.tr\/wp-content\/uploads\/2021\/06\/about-1-600x333-1-300x167.jpg 300w\" data-sizes=\"(max-width: 600px) 100vw, 600px\" \/><\/div><\/div><\/div><\/div>[\/vc_column][\/vc_row][vc_row full_width=&#8221;stretch_row&#8221; parallax=&#8221;content-moving&#8221; parallax_image=&#8221;763&#8243; el_class=&#8221;tac&#8221; css=&#8221;.vc_custom_1623677297846{margin-top: 80px !important;padding-top: 100px !important;padding-bottom: 100px !important;}&#8221;][vc_column]<div class=\"cz_gap clr \" style=\"height: 50px\"><\/div><div id=\"cz_83073\" class=\"cz_83073 cz_title clr cz_title_pos_inline tac\"><div class=\"cz_title_content\"><div class=\"cz_wpe_content\"><div style=\"text-align: center; line-height: 1.4;\"><span style=\"font-size: 42px; color: #ffffff;\"><strong><span style=\"font-family: Poppins;\">BA\u015eARILARIMIZ<\/span><\/strong><\/span><\/div>\n<\/div><\/div><\/div><div class=\"cz_gap clr \" style=\"height: 20px\"><\/div>[vc_column_text]<\/p>\n<div style=\"line-height: 1.3; text-align: center;\"><span style=\"font-size: 16px; color: #041c3f;\"><span style=\"color: #ffffff;\">Her ihtiyaca \u00e7\u00f6z\u00fcm \u00fcretecek y\u00fcksek kalite ala\u015f\u0131m ve m\u00fchendislik \u00e7\u00f6z\u00fcmlerimiz sayesinde verimlili\u011finizi ve kalitenizi artt\u0131r\u0131yoruz&#8230;<\/span><br \/>\n<\/span><\/div>\n<p>[\/vc_column_text]<div class=\"cz_gap clr \" style=\"height: 50px\"><\/div>[vc_row_inner][vc_column_inner width=&#8221;1\/4&#8243;]<div id=\"cz_75380\" data-disable-comma=\"\" data-duration=\"3000\" data-delay=\"0000\" class=\"cz_75380 cz_counter clr tac cz_2rows\"><div class=\"\"><span class=\"cz_counter_num_wrap\"><span class=\"cz_counter_num\">12<\/span><i>+<\/i><\/span><span class=\"cz_counter_after\">Y\u0131llar\u0131n Deneyimi<\/span><\/div><\/div>[\/vc_column_inner][vc_column_inner width=&#8221;1\/4&#8243;]<div id=\"cz_108707\" data-disable-comma=\"\" data-duration=\"3000\" data-delay=\"0000\" class=\"cz_108707 cz_counter clr tac cz_2rows\"><div class=\"\"><span class=\"cz_counter_num_wrap\"><span class=\"cz_counter_num\">58<\/span><i>+<\/i><\/span><span class=\"cz_counter_after\">\u00c7al\u0131\u015fan Kadromuz<\/span><\/div><\/div>[\/vc_column_inner][vc_column_inner width=&#8221;1\/4&#8243;]<div id=\"cz_25877\" data-disable-comma=\"\" data-duration=\"3000\" data-delay=\"0000\" class=\"cz_25877 cz_counter clr tac cz_2rows\"><div class=\"\"><span class=\"cz_counter_num_wrap\"><span class=\"cz_counter_num\">565<\/span><i>+<\/i><\/span><span class=\"cz_counter_after\">\u00dcr\u00fcnler<\/span><\/div><\/div>[\/vc_column_inner][vc_column_inner width=&#8221;1\/4&#8243;]<div id=\"cz_34328\" data-disable-comma=\"\" data-duration=\"3000\" data-delay=\"0000\" class=\"cz_34328 cz_counter clr tac cz_2rows\"><div class=\"\"><span class=\"cz_counter_num_wrap\"><span class=\"cz_counter_num\">245<\/span><i>+<\/i><\/span><span class=\"cz_counter_after\">Mutlu M\u00fc\u015fteri<\/span><\/div><\/div>[\/vc_column_inner][\/vc_row_inner][\/vc_column][\/vc_row][vc_row full_width=&#8221;stretch_row&#8221; parallax=&#8221;content-moving&#8221; el_class=&#8221;tac&#8221;][vc_column]<div class=\"cz_gap clr \" style=\"height: 50px\"><\/div>[\/vc_column][\/vc_row][vc_row][vc_column width=&#8221;1\/2&#8243;]<div id=\"cz_108555\" class=\"cz_108555 cz_image clr cz_image_no_fx center_on_mobile\"><div class=\"\" ><div class=\"cz_image_in\" data-tilt><div class=\"cz_main_image\"><img decoding=\"async\" width=\"600\" height=\"333\" src=\"data:image\/svg+xml,%3Csvg%20xmlns%3D&#39;http%3A%2F%2Fwww.w3.org%2F2000%2Fsvg&#39;%20width=&#39;600&#39;%20height=&#39;333&#39;%20viewBox%3D&#39;0%200%20600%20333&#39;%2F%3E\" data-czlz data-src=\"https:\/\/ekolaluminyum.com.tr\/wp-content\/uploads\/2021\/06\/about-1-600x333-1.jpg\" class=\"attachment-full\" alt=\"\" title=\"about-1-600x333\" data-srcset=\"https:\/\/ekolaluminyum.com.tr\/wp-content\/uploads\/2021\/06\/about-1-600x333-1.jpg 600w, https:\/\/ekolaluminyum.com.tr\/wp-content\/uploads\/2021\/06\/about-1-600x333-1-300x167.jpg 300w\" data-sizes=\"(max-width: 600px) 100vw, 600px\" \/><\/div><\/div><\/div><\/div>[\/vc_column][vc_column width=&#8221;1\/2&#8243;]<div id=\"cz_102912\" class=\"cz_102912 cz_title clr cz_title_pos_inline\"><div class=\"cz_title_content\"><span class=\"cz_line_side_solo\">_<\/span><div class=\"cz_wpe_content\"><h3 style=\"text-align: left;\">Kalite Politikam\u0131z<\/h3>\n<\/div><\/div><\/div><div class=\"cz_gap clr \" style=\"height: 25px\"><\/div>[vc_column_text]<\/p>\n<div style=\"line-height: 1.3; text-align: justify;\"><span style=\"font-size: 14px;\">*M\u00fc\u015fterimizi organizasyonumuzun bir par\u00e7as\u0131 olarak eksiksiz tatmin etmek<br \/>\n*Kalite,fiyat,termin yeni \u00fcr\u00fcnler ve hizmet a\u00e7\u0131s\u0131ndan m\u00fc\u015fterilerimizin eksiksiz memnuniyetini sa\u011flamak ve m\u00fc\u015fterilerimizin itibar\u0131na lay\u0131k olmak<br \/>\n*Sekt\u00f6r \u00f6zelli\u011fimiz nedeniyle hijyen fakt\u00f6r\u00fcn\u00fc en \u00fcst seviyede tutmak ve insanlar\u0131n sa\u011fl\u0131\u011f\u0131n\u0131 g\u00fccence alt\u0131na almak<br \/>\n*Toplam Kalite Y\u00f6netimi felsefesini \u015firketimize yerle\u015ftirip, \u015firket k\u00fclt\u00fcr\u00fcn\u00fc olu\u015fturmak<br \/>\n*\u0130nsan kaynaklar\u0131m\u0131z en de\u011ferli varl\u0131klar\u0131m\u0131zd\u0131r.\u0130nsan kaynaklar\u0131m\u0131z\u0131n se\u00e7iminde son derece duyarl\u0131 olmak ve insan kaynaklar\u0131m\u0131z\u0131n s\u00fcrekli e\u011fitim ve etkili ileti\u015fim yoluyla motive ederek politikalar\u0131m\u0131z ve hedeflerimize y\u00f6nlendirmek<br \/>\n*Ta\u015feron ve yan sanayicilerimizin kalite bilincini art\u0131rmak<br \/>\n*Etkin liderlik yolu ile kalite ve politika hedeflerimizi t\u00fcm \u00e7al\u0131\u015fanlar\u0131m\u0131za a\u015f\u0131lamak<br \/>\n*Bir defeda ve her defada kaliteli \u00fcr\u00fcn ve hizmet \u00fcretmek<br \/>\n*&#8221;Bir \u00f6nceki Prosesi y\u00f6net Bir sonraki Proses m\u00fc\u015fterilerimizdir&#8221; felsefesini uygulamak.<br \/>\n*\u00c7al\u0131\u015fanlar\u0131m\u0131z\u0131n tatminin ve motivasyonunu sa\u011flamak<br \/>\n*T\u00fcm b\u00f6l\u00fcmlerin kat\u0131l\u0131m\u0131 ile olu\u015fturulan i\u015f programlar\u0131n\u0131 y\u0131ll\u0131k b\u00fct\u00e7elere d\u00f6n\u00fc\u015ft\u00fcrerek b\u00fct\u00e7e hedefleri do\u011frultusunda finansal ve mali kaynaklar\u0131m\u0131z\u0131 en ak\u0131ll\u0131 ve en efektif \u015fekilde kullanmak<br \/>\n*Proses \u00f6ncelikli y\u00f6netim anlay\u0131\u015f\u0131m\u0131zla ula\u015ft\u0131\u011f\u0131m\u0131z standartlar\u0131 korumak,iyile\u015ftirmek ve kurulu\u015fumuzu teknolojik olarak modernle\u015ftirmek,b\u00fcy\u00fcy\u00fcp geli\u015ftirmek<br \/>\n*Sorunlar\u0131m\u0131z\u0131 bilimsel tekniklere uygun olarak ekip ruhuve tak\u0131m \u00e7al\u0131\u015fmas\u0131 ile \u00e7\u00f6zmek ve Proseslerimizi s\u00fcrekli iyile\u015ftirmek<br \/>\n*\u00dclkemizin kurulu\u015fumuzdan beklentilerini yerine getirmek ve do\u011fal \u00e7evreyi korumak<br \/>\n*Kurum k\u00fclt\u00fcr\u00fc ve firma imaj\u0131n\u0131 geli\u015ftirmek<\/span><\/div>\n<p>[\/vc_column_text][\/vc_column][\/vc_row][vc_row full_width=&#8221;stretch_row&#8221; disable_element=&#8221;yes&#8221; css=&#8221;.vc_custom_1623678549498{padding-top: 120px !important;padding-bottom: 70px !important;background-color: rgba(4,28,63,0.05) !important;*background-color: rgb(4,28,63) !important;}&#8221;][vc_column width=&#8221;1\/6&#8243; offset=&#8221;vc_hidden-md vc_hidden-sm vc_hidden-xs&#8221;]<div id=\"cz_55357\" class=\"cz_55357 cz_title clr cz_title_vertical cz_title_pos_inline\"><div class=\"cz_title_content\"><span class=\"cz_line_side_solo\">_<\/span><div class=\"cz_wpe_content\"><h3 style=\"text-align: left;\"><span style=\"color: #041c3f;\">Ekibimiz<\/span><\/h3>\n<p style=\"text-align: left;\"><span style=\"color: #999999;\">Biz Profesyoneliz<\/span><\/p>\n<\/div><\/div><\/div>[\/vc_column][vc_column offset=&#8221;vc_col-lg-10&#8243;]<div id=\"cz_96070\" class=\"cz_96070 slick arrows_mlr no_dots is_center\" data-slick='{\"selector\":\"\",\"slidesToShow\":3,\"slidesToScroll\":1,\"rows\":1,\"fade\":false,\"vertical\":false,\"verticalSwiping\":false,\"infinite\":true,\"speed\":1000,\"swipeToSlide\":true,\"centerMode\":true,\"centerPadding\":\"\",\"variableWidth\":false,\"autoplay\":false,\"autoplaySpeed\":4000,\"dots\":true,\"counts\":false,\"adaptiveHeight\":false,\"responsive\":[{\"breakpoint\":769,\"settings\":{\"slidesToShow\":2,\"slidesToScroll\":1,\"infinite\":true,\"touchMove\":true}},{\"breakpoint\":481,\"settings\":{\"slidesToShow\":1,\"slidesToScroll\":1,\"infinite\":true,\"touchMove\":true}}]}' data-slick-prev=\"fa fa-angle-left\" data-slick-next=\"fa fa-angle-right\"><div id=\"cz_65140\" class=\"cz_65140 cz_team mb30 clr cz_team_2 cz_social_v\"><div class=\"cz_team_img\"><img decoding=\"async\" width=\"450\" height=\"450\" src=\"data:image\/svg+xml,%3Csvg%20xmlns%3D&#39;http%3A%2F%2Fwww.w3.org%2F2000%2Fsvg&#39;%20width=&#39;450&#39;%20height=&#39;450&#39;%20viewBox%3D&#39;0%200%20450%20450&#39;%2F%3E\" data-czlz data-src=\"https:\/\/ekolaluminyum.com.tr\/wp-content\/uploads\/2021\/06\/team1-1.jpg\" class=\"attachment-full\" alt=\"\" title=\"team1-1\" data-srcset=\"https:\/\/ekolaluminyum.com.tr\/wp-content\/uploads\/2021\/06\/team1-1.jpg 450w, https:\/\/ekolaluminyum.com.tr\/wp-content\/uploads\/2021\/06\/team1-1-180x180.jpg 180w, https:\/\/ekolaluminyum.com.tr\/wp-content\/uploads\/2021\/06\/team1-1-100x100.jpg 100w, https:\/\/ekolaluminyum.com.tr\/wp-content\/uploads\/2021\/06\/team1-1-300x300.jpg 300w, https:\/\/ekolaluminyum.com.tr\/wp-content\/uploads\/2021\/06\/team1-1-150x150.jpg 150w\" data-sizes=\"(max-width: 450px) 100vw, 450px\" \/><div class=\"cz_team_social cz_social clr\"><div class=\"cz_team_social_in\"><a href=\"#\" class=\"cz-facebook\" ><i class=\"fa fa-facebook\"><\/i><\/a><a href=\"#\" class=\"cz-twitter\" ><i class=\"fa fa-twitter\"><\/i><\/a><a href=\"#\" class=\"cz-linkedin\" ><i class=\"fa fa-linkedin\"><\/i><\/a><\/div><\/div><\/div><div class=\"cz_team_content cz_wpe_content\"><h4><span style=\"color: #041c3f;\"><strong>\u0130sim<\/strong><\/span><\/h4>\n<p><span style=\"color: #aaaaaa;\">G\u00f6revi<\/span><\/div><\/div><div id=\"cz_65140\" class=\"cz_65140 cz_team mb30 clr cz_team_2 cz_social_v\"><div class=\"cz_team_img\"><img decoding=\"async\" width=\"450\" height=\"450\" src=\"data:image\/svg+xml,%3Csvg%20xmlns%3D&#39;http%3A%2F%2Fwww.w3.org%2F2000%2Fsvg&#39;%20width=&#39;450&#39;%20height=&#39;450&#39;%20viewBox%3D&#39;0%200%20450%20450&#39;%2F%3E\" data-czlz data-src=\"https:\/\/ekolaluminyum.com.tr\/wp-content\/uploads\/2021\/06\/team1-1.jpg\" class=\"attachment-full\" alt=\"\" title=\"team1-1\" data-srcset=\"https:\/\/ekolaluminyum.com.tr\/wp-content\/uploads\/2021\/06\/team1-1.jpg 450w, https:\/\/ekolaluminyum.com.tr\/wp-content\/uploads\/2021\/06\/team1-1-180x180.jpg 180w, https:\/\/ekolaluminyum.com.tr\/wp-content\/uploads\/2021\/06\/team1-1-100x100.jpg 100w, https:\/\/ekolaluminyum.com.tr\/wp-content\/uploads\/2021\/06\/team1-1-300x300.jpg 300w, https:\/\/ekolaluminyum.com.tr\/wp-content\/uploads\/2021\/06\/team1-1-150x150.jpg 150w\" data-sizes=\"(max-width: 450px) 100vw, 450px\" \/><div class=\"cz_team_social cz_social clr\"><div class=\"cz_team_social_in\"><a href=\"#\" class=\"cz-facebook\" ><i class=\"fa fa-facebook\"><\/i><\/a><a href=\"#\" class=\"cz-twitter\" ><i class=\"fa fa-twitter\"><\/i><\/a><a href=\"#\" class=\"cz-linkedin\" ><i class=\"fa fa-linkedin\"><\/i><\/a><\/div><\/div><\/div><div class=\"cz_team_content cz_wpe_content\"><h4><span style=\"color: #041c3f;\"><strong>\u0130sim<\/strong><\/span><\/h4>\n<p><span style=\"color: #aaaaaa;\">G\u00f6revi<\/span><\/div><\/div><div id=\"cz_65140\" class=\"cz_65140 cz_team mb30 clr cz_team_2 cz_social_v\"><div class=\"cz_team_img\"><img decoding=\"async\" width=\"450\" height=\"450\" src=\"data:image\/svg+xml,%3Csvg%20xmlns%3D&#39;http%3A%2F%2Fwww.w3.org%2F2000%2Fsvg&#39;%20width=&#39;450&#39;%20height=&#39;450&#39;%20viewBox%3D&#39;0%200%20450%20450&#39;%2F%3E\" data-czlz data-src=\"https:\/\/ekolaluminyum.com.tr\/wp-content\/uploads\/2021\/06\/team1-1.jpg\" class=\"attachment-full\" alt=\"\" title=\"team1-1\" data-srcset=\"https:\/\/ekolaluminyum.com.tr\/wp-content\/uploads\/2021\/06\/team1-1.jpg 450w, https:\/\/ekolaluminyum.com.tr\/wp-content\/uploads\/2021\/06\/team1-1-180x180.jpg 180w, https:\/\/ekolaluminyum.com.tr\/wp-content\/uploads\/2021\/06\/team1-1-100x100.jpg 100w, https:\/\/ekolaluminyum.com.tr\/wp-content\/uploads\/2021\/06\/team1-1-300x300.jpg 300w, https:\/\/ekolaluminyum.com.tr\/wp-content\/uploads\/2021\/06\/team1-1-150x150.jpg 150w\" data-sizes=\"(max-width: 450px) 100vw, 450px\" \/><div class=\"cz_team_social cz_social clr\"><div class=\"cz_team_social_in\"><a href=\"#\" class=\"cz-facebook\" ><i class=\"fa fa-facebook\"><\/i><\/a><a href=\"#\" class=\"cz-twitter\" ><i class=\"fa fa-twitter\"><\/i><\/a><a href=\"#\" class=\"cz-linkedin\" ><i class=\"fa fa-linkedin\"><\/i><\/a><\/div><\/div><\/div><div class=\"cz_team_content cz_wpe_content\"><h4><span style=\"color: #041c3f;\"><strong>\u0130sim<\/strong><\/span><\/h4>\n<p><span style=\"color: #aaaaaa;\">G\u00f6revi<\/span><\/div><\/div><div id=\"cz_65140\" class=\"cz_65140 cz_team mb30 clr cz_team_2 cz_social_v\"><div class=\"cz_team_img\"><img decoding=\"async\" width=\"450\" height=\"450\" src=\"data:image\/svg+xml,%3Csvg%20xmlns%3D&#39;http%3A%2F%2Fwww.w3.org%2F2000%2Fsvg&#39;%20width=&#39;450&#39;%20height=&#39;450&#39;%20viewBox%3D&#39;0%200%20450%20450&#39;%2F%3E\" data-czlz data-src=\"https:\/\/ekolaluminyum.com.tr\/wp-content\/uploads\/2021\/06\/team1-1.jpg\" class=\"attachment-full\" alt=\"\" title=\"team1-1\" data-srcset=\"https:\/\/ekolaluminyum.com.tr\/wp-content\/uploads\/2021\/06\/team1-1.jpg 450w, https:\/\/ekolaluminyum.com.tr\/wp-content\/uploads\/2021\/06\/team1-1-180x180.jpg 180w, https:\/\/ekolaluminyum.com.tr\/wp-content\/uploads\/2021\/06\/team1-1-100x100.jpg 100w, https:\/\/ekolaluminyum.com.tr\/wp-content\/uploads\/2021\/06\/team1-1-300x300.jpg 300w, https:\/\/ekolaluminyum.com.tr\/wp-content\/uploads\/2021\/06\/team1-1-150x150.jpg 150w\" data-sizes=\"(max-width: 450px) 100vw, 450px\" \/><div class=\"cz_team_social cz_social clr\"><div class=\"cz_team_social_in\"><a href=\"#\" class=\"cz-facebook\" ><i class=\"fa fa-facebook\"><\/i><\/a><a href=\"#\" class=\"cz-twitter\" ><i class=\"fa fa-twitter\"><\/i><\/a><a href=\"#\" class=\"cz-linkedin\" ><i class=\"fa fa-linkedin\"><\/i><\/a><\/div><\/div><\/div><div class=\"cz_team_content cz_wpe_content\"><h4><span style=\"color: #041c3f;\"><strong>\u0130sim<\/strong><\/span><\/h4>\n<p><span style=\"color: #aaaaaa;\">G\u00f6revi<\/span><\/div><\/div><\/div><div><\/div>[\/vc_column][\/vc_row][vc_row disable_element=&#8221;yes&#8221;][vc_column]<div class=\"cz_gap clr \" style=\"height: 90px\"><\/div><div id=\"cz_86679\" class=\"cz_86679 cz_title clr cz_title_pos_inline\"><div class=\"cz_title_content\"><span class=\"cz_line_side_solo\">_<\/span><div class=\"cz_wpe_content\"><h3 style=\"text-align: left;\">Our Projects<\/h3>\n<p style=\"text-align: left;\"><span style=\"color: #999999;\">What We Do?<\/span><\/p>\n<\/div><\/div><\/div>[\/vc_column][\/vc_row][vc_row disable_element=&#8221;yes&#8221;][vc_column]<div class=\"cz_gap clr \" style=\"height: 40px\"><\/div><div id=\"cz_16838\" class=\"cz_grid_p cz_16838\"><div class=\"cz_grid cz_grid_1 clr cz_metro_3 cz_grid_c4 cz_grid_1_no_title cz_grid_1_mid tac\"><div class=\"cz_grid_item cz_grid_first\"><\/div><\/div><\/div>[\/vc_column][\/vc_row][vc_row disable_element=&#8221;yes&#8221;][vc_column]<div class=\"cz_btn_center\"><div class=\"cz_73868_p\"><a id=\"cz_73868\" class=\"cz_73868 cz_btn cz_btn_txt_no_fx cz_btn_fill_right\" href=\"https:\/\/xtratheme.com\/construction\/projects\/\"><span><i class=\"fa czico-033-qr-code\"><\/i><strong>View Our Projects<\/strong><\/span><b class=\"cz_btn_onhover\"><i class=\"fa czico-033-qr-code\"><\/i><strong>View Our Projects<\/strong><\/b><\/a><\/div><\/div>[\/vc_column][\/vc_row]<\/p>\n<\/div>","protected":false},"excerpt":{"rendered":"<p>[vc_row][vc_column width=&#8221;1\/2&#8243;][vc_column_text]1997 y\u0131l\u0131nda kurulan Ekol Al\u00fcminyum, al\u00fcminyum profil, aksesuar ve PVC &#8230; <\/p>\n","protected":false},"author":1,"featured_media":0,"parent":0,"menu_order":0,"comment_status":"closed","ping_status":"closed","template":"","meta":{"footnotes":""},"class_list":["post-12","page","type-page","status-publish","hentry"],"_links":{"self":[{"href":"https:\/\/ekolaluminyum.com.tr\/index.php\/wp-json\/wp\/v2\/pages\/12","targetHints":{"allow":["GET"]}}],"collection":[{"href":"https:\/\/ekolaluminyum.com.tr\/index.php\/wp-json\/wp\/v2\/pages"}],"about":[{"href":"https:\/\/ekolaluminyum.com.tr\/index.php\/wp-json\/wp\/v2\/types\/page"}],"author":[{"embeddable":true,"href":"https:\/\/ekolaluminyum.com.tr\/index.php\/wp-json\/wp\/v2\/users\/1"}],"replies":[{"embeddable":true,"href":"https:\/\/ekolaluminyum.com.tr\/index.php\/wp-json\/wp\/v2\/comments?post=12"}],"version-history":[{"count":13,"href":"https:\/\/ekolaluminyum.com.tr\/index.php\/wp-json\/wp\/v2\/pages\/12\/revisions"}],"predecessor-version":[{"id":2634,"href":"https:\/\/ekolaluminyum.com.tr\/index.php\/wp-json\/wp\/v2\/pages\/12\/revisions\/2634"}],"wp:attachment":[{"href":"https:\/\/ekolaluminyum.com.tr\/index.php\/wp-json\/wp\/v2\/media?parent=12"}],"curies":[{"name":"wp","href":"https:\/\/api.w.org\/{rel}","templated":true}]}}