{"id":18,"date":"2021-06-10T08:25:52","date_gmt":"2021-06-10T08:25:52","guid":{"rendered":"http:\/\/xtratheme.comconstruction\/?page_id=10"},"modified":"2025-05-30T06:42:07","modified_gmt":"2025-05-30T06:42:07","slug":"contact","status":"publish","type":"page","link":"https:\/\/ekolaluminyum.com.tr\/index.php\/contact\/","title":{"rendered":"\u0130leti\u015fim"},"content":{"rendered":"<div class=\"wpb-content-wrapper\"><p>[vc_row][vc_column width=&#8221;1\/4&#8243; css=&#8221;.vc_custom_1748528918471{border-radius: 1px !important;}&#8221;][vc_custom_heading text=&#8221;ADRES FABR\u0130KA&#8221; font_container=&#8221;tag:h2|font_size:25%20px|text_align:left|color:%23a81b19&#8243; google_fonts=&#8221;font_family:Titillium%20Web%3A200%2C200italic%2C300%2C300italic%2Cregular%2Citalic%2C600%2C600italic%2C700%2C700italic%2C900|font_style:600%20bold%20regular%3A600%3Anormal&#8221;]<div id=\"cz_13816\" class=\"cz_13816 cz_title clr cz_title_has_icon cz_title_pos_inline\"><a href=\"mailto:info@ekolaluminyum.com.tr\"><div class=\"cz_title_content\"><i class=\"cz_title_icon_before fa fa-envelope-o\"><\/i><div class=\"cz_wpe_content\"><h3><span style=\"color: #041c3f;\">Mail<\/span><\/h3>\n<p><span style=\"color: #aaaaaa; font-size: 14px;\">info@ekolaluminyum.com.tr<\/span><\/p>\n<\/div><\/div><\/a><\/div><div id=\"cz_77461\" class=\"cz_77461 cz_title clr cz_title_has_icon cz_title_pos_inline\"><a href=\"tel:+908508001161\"><div class=\"cz_title_content\"><i class=\"cz_title_icon_before fa fa-volume-control-phone\"><\/i><div class=\"cz_wpe_content\"><h3>Telefon<\/h3>\n<p><span style=\"color: #aaaaaa; font-size: 14px;\">+90 (850) 800 11 61<\/span><\/p>\n<\/div><\/div><\/a><\/div><div id=\"cz_20517\" class=\"cz_20517 cz_title clr cz_title_has_icon cz_title_pos_inline\"><a href=\"tel:+905496588877\"><div class=\"cz_title_content\"><i class=\"cz_title_icon_before fa fa-volume-control-phone\"><\/i><div class=\"cz_wpe_content\"><h3>GSM<\/h3>\n<p><span style=\"color: #aaaaaa; font-size: 14px;\">+90 (549) 658 88 77<\/span><\/p>\n<\/div><\/div><\/a><\/div><div id=\"cz_39825\" class=\"cz_39825 cz_title clr cz_title_has_icon cz_title_pos_inline\"><a href=\"https:\/\/maps.app.goo.gl\/7Gqs1aAtFY1z3SJm9\" target=\"_blank\"><div class=\"cz_title_content\"><i class=\"cz_title_icon_before fa fa-map-marker\"><\/i><div class=\"cz_wpe_content\"><h3>Adres<\/h3>\n<p><span style=\"font-size: 14px; color: #aaaaaa;\">\u0130n\u00f6n\u00fc, Ankara cad. 11500 sk Osmaneli\/Bilecik<\/span><\/p>\n<\/div><\/div><\/a><\/div>[\/vc_column][vc_column width=&#8221;1\/4&#8243;][vc_custom_heading text=&#8221;\u00c7AYIROVA \u015eUBE&#8221; font_container=&#8221;tag:h2|font_size:25px|text_align:left|color:%230b29d5&#8243; google_fonts=&#8221;font_family:Titillium%20Web%3A200%2C200italic%2C300%2C300italic%2Cregular%2Citalic%2C600%2C600italic%2C700%2C700italic%2C900|font_style:600%20bold%20regular%3A600%3Anormal&#8221;]<div id=\"cz_33797\" class=\"cz_33797 cz_title clr cz_title_has_icon cz_title_pos_inline\"><a href=\"mailto:ekol@ekolaluminyum.com.tr\"><div class=\"cz_title_content\"><i class=\"cz_title_icon_before fa fa-envelope-o\"><\/i><div class=\"cz_wpe_content\"><h3><span style=\"color: #041c3f;\">Mail<\/span><\/h3>\n<p><span style=\"color: #aaaaaa; font-size: 14px;\">ekol@ekolaluminyum.com.tr<\/span><\/p>\n<\/div><\/div><\/a><\/div><div id=\"cz_80022\" class=\"cz_80022 cz_title clr cz_title_has_icon cz_title_pos_inline\"><a href=\"tel:+902626588876\"><div class=\"cz_title_content\"><i class=\"cz_title_icon_before fa fa-volume-control-phone\"><\/i><div class=\"cz_wpe_content\"><h3>Telefon<\/h3>\n<p><span style=\"color: #aaaaaa; font-size: 14px;\">+90 (262) 658 88 76<\/span><\/p>\n<\/div><\/div><\/a><\/div><div id=\"cz_68317\" class=\"cz_68317 cz_title clr cz_title_has_icon cz_title_pos_inline\"><a href=\"tel:+905437654645\"><div class=\"cz_title_content\"><i class=\"cz_title_icon_before fa fa-volume-control-phone\"><\/i><div class=\"cz_wpe_content\"><h3>GSM<\/h3>\n<p><span style=\"color: #aaaaaa; font-size: 14px;\">+90 (543) 765 46 45<\/span><\/p>\n<\/div><\/div><\/a><\/div><div id=\"cz_102820\" class=\"cz_102820 cz_title clr cz_title_has_icon cz_title_pos_inline\"><a href=\"https:\/\/maps.app.goo.gl\/1THjnvrbrPyU1xBCA\" target=\"_blank\"><div class=\"cz_title_content\"><i class=\"cz_title_icon_before fa fa-map-marker\"><\/i><div class=\"cz_wpe_content\"><h3>Adres<\/h3>\n<p><span style=\"font-size: 14px; color: #aaaaaa;\">Akse mah. 549 sk. No:6 \u00c7ay\u0131rova\/Kocaeli<\/span><\/p>\n<\/div><\/div><\/a><\/div>[\/vc_column][vc_column width=&#8221;1\/4&#8243;][vc_custom_heading text=&#8221;BALIKES\u0130R \u015eUBE&#8221; font_container=&#8221;tag:h2|font_size:25px|text_align:left|color:%23f5b904&#8243; google_fonts=&#8221;font_family:Titillium%20Web%3A200%2C200italic%2C300%2C300italic%2Cregular%2Citalic%2C600%2C600italic%2C700%2C700italic%2C900|font_style:600%20bold%20regular%3A600%3Anormal&#8221;]<div id=\"cz_75974\" class=\"cz_75974 cz_title clr cz_title_has_icon cz_title_pos_inline\"><a href=\"mailto:edremit@ekolaluminyum.com.tr\"><div class=\"cz_title_content\"><i class=\"cz_title_icon_before fa fa-envelope-o\"><\/i><div class=\"cz_wpe_content\"><h3><span style=\"color: #041c3f;\">Mail<\/span><\/h3>\n<p><span style=\"color: #aaaaaa; font-size: 14px;\">edremit@ekolaluminyum.com.tr<\/span><\/p>\n<\/div><\/div><\/a><\/div><div id=\"cz_88424\" class=\"cz_88424 cz_title clr cz_title_has_icon cz_title_pos_inline\"><a href=\"tel:+902663921416\"><div class=\"cz_title_content\"><i class=\"cz_title_icon_before fa fa-volume-control-phone\"><\/i><div class=\"cz_wpe_content\"><h3>Telefon<\/h3>\n<p><span style=\"color: #aaaaaa; font-size: 14px;\">+90 (266) 392 14 16<\/span><\/p>\n<\/div><\/div><\/a><\/div><div id=\"cz_58991\" class=\"cz_58991 cz_title clr cz_title_has_icon cz_title_pos_inline\"><a href=\"tel:+905326444282\"><div class=\"cz_title_content\"><i class=\"cz_title_icon_before fa fa-volume-control-phone\"><\/i><div class=\"cz_wpe_content\"><h3>GSM<\/h3>\n<p><span style=\"color: #aaaaaa; font-size: 14px;\">+90 (532) 644 42 82<\/span><\/p>\n<\/div><\/div><\/a><\/div><div id=\"cz_19168\" class=\"cz_19168 cz_title clr cz_title_has_icon cz_title_pos_inline\"><a href=\"https:\/\/maps.app.goo.gl\/ZTzfq2uLTGGpEBrV8\" target=\"_blank\"><div class=\"cz_title_content\"><i class=\"cz_title_icon_before fa fa-map-marker\"><\/i><div class=\"cz_wpe_content\"><h3>Adres<\/h3>\n<p><span style=\"font-size: 14px; color: #aaaaaa;\">Organize Sanayi B\u00f6lgesi 868 sk. No:2\/A Edremit\/Bal\u0131kesir<\/span><\/p>\n<\/div><\/div><\/a><\/div>[\/vc_column][vc_column width=&#8221;1\/4&#8243;][vc_custom_heading text=&#8221;TRABZON \u015eUBE&#8221; font_container=&#8221;tag:h2|font_size:25%20px|text_align:left|color:%23f5b904&#8243; google_fonts=&#8221;font_family:Titillium%20Web%3A200%2C200italic%2C300%2C300italic%2Cregular%2Citalic%2C600%2C600italic%2C700%2C700italic%2C900|font_style:600%20bold%20regular%3A600%3Anormal&#8221;]<div id=\"cz_64023\" class=\"cz_64023 cz_title clr cz_title_has_icon cz_title_pos_inline\"><a href=\"mailto:trabzon@ekolaluminyum.com.tr\"><div class=\"cz_title_content\"><i class=\"cz_title_icon_before fa fa-envelope-o\"><\/i><div class=\"cz_wpe_content\"><h3><span style=\"color: #041c3f;\">Mail<\/span><\/h3>\n<p><span style=\"color: #aaaaaa; font-size: 14px;\">trabzon@ekolaluminyum.com.tr<\/span><\/p>\n<\/div><\/div><\/a><\/div><div id=\"cz_78198\" class=\"cz_78198 cz_title clr cz_title_has_icon cz_title_pos_inline\"><div class=\"cz_title_content\"><i class=\"cz_title_icon_before fa fa-volume-control-phone\"><\/i><div class=\"cz_wpe_content\"><h3>Telefon<\/h3>\n<\/div><\/div><\/div><div id=\"cz_104743\" class=\"cz_104743 cz_title clr cz_title_has_icon cz_title_pos_inline\"><a href=\"tel:+905388786141\"><div class=\"cz_title_content\"><i class=\"cz_title_icon_before fa fa-volume-control-phone\"><\/i><div class=\"cz_wpe_content\"><h3>GSM<\/h3>\n<p><span style=\"color: #aaaaaa; font-size: 14px;\">+90 (538) 878 61 41<\/span><\/p>\n<\/div><\/div><\/a><\/div><div id=\"cz_62389\" class=\"cz_62389 cz_title clr cz_title_has_icon cz_title_pos_inline\"><a href=\"https:\/\/maps.app.goo.gl\/MUmTyfThyAi7oxTn7\" target=\"_blank\"><div class=\"cz_title_content\"><i class=\"cz_title_icon_before fa fa-map-marker\"><\/i><div class=\"cz_wpe_content\"><h3>Adres<\/h3>\n<p><span style=\"font-size: 14px; color: #aaaaaa;\">Bah\u00e7ekaya mah. Kenan Oltan cad. No:4F Ma\u00e7ka\/Trabzon<\/span><\/p>\n<\/div><\/div><\/a><\/div>[\/vc_column][\/vc_row][vc_row][vc_column]<div class=\"cz_gap clr \" style=\"height: 50px\"><\/div>[\/vc_column][\/vc_row][vc_row][vc_column]<div class=\"cz_eqh cz_content_box_parent_fx  \"><div id=\"cz_49112\" class=\"cz_49112 cz_content_box clr\"><div class=\"cz_box_front clr\"><div class=\"cz_box_front_inner clr \"><span><\/span><div>[vc_custom_heading text=&#8221;\u015eube ve Adreslerimiz&#8221; font_container=&#8221;tag:h3|text_align:left&#8221; google_fonts=&#8221;font_family:Titillium%20Web%3A200%2C200italic%2C300%2C300italic%2Cregular%2Citalic%2C600%2C600italic%2C700%2C700italic%2C900|font_style:600%20bold%20regular%3A600%3Anormal&#8221;][vc_raw_html]JTNDZGl2JTNFJTBBJTIwJTIwJTNDc2VsZWN0JTIwaWQlM0QlMjJicmFuY2gtc2VsZWN0JTIyJTIwb25jaGFuZ2UlM0QlMjJ1cGRhdGVNYXAlMjglMjklMjIlM0UlMEElMjAlMjAlMjAlMjAlM0NvcHRpb24lMjB2YWx1ZSUzRCUyMmZhYnJpa2ElMjIlMjBzZWxlY3RlZCUzRUZhYnJpa2ElM0MlMkZvcHRpb24lM0UlMEElMjAlMjAlMjAlMjAlM0NvcHRpb24lMjB2YWx1ZSUzRCUyMmNheWlyb3ZhJTIyJTNFJUMzJTg3YXklQzQlQjFyb3ZhJTNDJTJGb3B0aW9uJTNFJTBBJTIwJTIwJTIwJTIwJTNDb3B0aW9uJTIwdmFsdWUlM0QlMjJiYWxpa2VzaXIlMjIlM0VCYWwlQzQlQjFrZXNpciUzQyUyRm9wdGlvbiUzRSUwQSUyMCUyMCUyMCUyMCUzQ29wdGlvbiUyMHZhbHVlJTNEJTIydHJhYnpvbiUyMiUzRVRyYWJ6b24lM0MlMkZvcHRpb24lM0UlMEElMjAlMjAlM0MlMkZzZWxlY3QlM0UlMEElM0MlMkZkaXYlM0UlMEElMEElM0NkaXYlMjBzdHlsZSUzRCUyMm1hcmdpbi10b3AlM0ElMjAyMHB4JTNCJTIyJTNFJTBBJTIwJTIwJTNDaWZyYW1lJTBBJTIwJTIwJTIwJTIwaWQlM0QlMjJtYXAtZnJhbWUlMjIlMEElMjAlMjAlMjAlMjBzcmMlM0QlMjJodHRwcyUzQSUyRiUyRnd3dy5nb29nbGUuY29tJTJGbWFwcyUyRmVtYmVkJTNGcGIlM0QlMjExbTE0JTIxMW04JTIxMW0zJTIxMWQ2MDgxLjk0MjUyNDc1NjYxNyUyMTJkMzAuMDMxOTQxOSUyMTNkNDAuMzQyOTgzNSUyMTNtMiUyMTFpMTAyNCUyMTJpNzY4JTIxNGYxMy4xJTIxM20zJTIxMW0yJTIxMXMweDE0Y2I3OTVlMDNlZDBkY2QlMjUzQTB4YWMzNjY1ZTNhNGQxZjBhNyUyMTJzRWtvbCUyNTIwYWwlMjVDMyUyNUJDbWlueXVtJTIxNWUwJTIxM20yJTIxMXN0ciUyMTJzdHIlMjE0djE3NDg1NDYyMTAzOTAlMjE1bTIlMjExc3RyJTIxMnN0ciUyMiUwQSUyMCUyMCUyMCUyMHdpZHRoJTNEJTIyMTAwJTI1JTIyJTBBJTIwJTIwJTIwJTIwaGVpZ2h0JTNEJTIyNDAwJTIyJTBBJTIwJTIwJTIwJTIwc3R5bGUlM0QlMjJib3JkZXIlM0EwJTNCJTIyJTBBJTIwJTIwJTIwJTIwYWxsb3dmdWxsc2NyZWVuJTNEJTIyJTIyJTBBJTIwJTIwJTIwJTIwbG9hZGluZyUzRCUyMmxhenklMjIlMEElMjAlMjAlMjAlMjByZWZlcnJlcnBvbGljeSUzRCUyMm5vLXJlZmVycmVyLXdoZW4tZG93bmdyYWRlJTIyJTNFJTBBJTIwJTIwJTNDJTJGaWZyYW1lJTNFJTBBJTNDJTJGZGl2JTNFJTBBJTBBJTNDc2NyaXB0JTNFJTBBJTIwJTIwY29uc3QlMjBtYXBMaW5rcyUyMCUzRCUyMCU3QiUwQSUyMCUyMCUyMCUyMGZhYnJpa2ElM0ElMjAlMjJodHRwcyUzQSUyRiUyRnd3dy5nb29nbGUuY29tJTJGbWFwcyUyRmVtYmVkJTNGcGIlM0QlMjExbTE0JTIxMW04JTIxMW0zJTIxMWQ2MDgxLjk0MjUyNDc1NjYxNyUyMTJkMzAuMDMxOTQxOSUyMTNkNDAuMzQyOTgzNSUyMTNtMiUyMTFpMTAyNCUyMTJpNzY4JTIxNGYxMy4xJTIxM20zJTIxMW0yJTIxMXMweDE0Y2I3OTVlMDNlZDBkY2QlMjUzQTB4YWMzNjY1ZTNhNGQxZjBhNyUyMTJzRWtvbCUyNTIwYWwlMjVDMyUyNUJDbWlueXVtJTIxNWUwJTIxM20yJTIxMXN0ciUyMTJzdHIlMjE0djE3NDg1NDYyMTAzOTAlMjE1bTIlMjExc3RyJTIxMnN0ciUyMiUyQyUwQSUyMCUyMCUyMCUyMGNheWlyb3ZhJTNBJTIwJTIyaHR0cHMlM0ElMkYlMkZ3d3cuZ29vZ2xlLmNvbSUyRm1hcHMlMkZlbWJlZCUzRnBiJTNEJTIxMW0xOCUyMTFtMTIlMjExbTMlMjExZDMwMTguMzcyMjA2NjY0MTkzNSUyMTJkMjkuNDA3OTY2NTc2NDE4NDEzJTIxM2Q0MC44NDE3NTEyMjk2NjE1MSUyMTJtMyUyMTFmMCUyMTJmMCUyMTNmMCUyMTNtMiUyMTFpMTAyNCUyMTJpNzY4JTIxNGYxMy4xJTIxM20zJTIxMW0yJTIxMXMweDE0Y2FkOGFjMWMyN2M0YmYlMjUzQTB4OWRiYWUzY2E1Njk0ODY1NCUyMTJzRWtvbCUyNTIwQWx1bWlueXVtJTIxNWUwJTIxM20yJTIxMXN0ciUyMTJzdHIlMjE0djE3NDg1NDYyOTM2NjYlMjE1bTIlMjExc3RyJTIxMnN0ciUyMiUyQyUwQSUyMCUyMCUyMCUyMGJhbGlrZXNpciUzQSUyMCUyMmh0dHBzJTNBJTJGJTJGd3d3Lmdvb2dsZS5jb20lMkZtYXBzJTJGZW1iZWQlM0ZwYiUzRCUyMTFtMTglMjExbTEyJTIxMW0zJTIxMWQzMDc0LjQ3NTUzNDczNDI3MDIlMjEyZDI2Ljk2MDQ1OTk3NjM3MTA2MiUyMTNkMzkuNTkzOTY5MDA1MzAzNTYlMjEybTMlMjExZjAlMjEyZjAlMjEzZjAlMjEzbTIlMjExaTEwMjQlMjEyaTc2OCUyMTRmMTMuMSUyMTNtMyUyMTFtMiUyMTFzMHgxNGIwYjgwYjNmYmFlYjcxJTI1M0EweGJjMDY4Njk1NzIzMTA0YWIlMjEyc0VkcmltaXQlMjUyMEVrb2wlMjUyMEFsJTI1QzMlMjVCQ21pbnl1bSUyMTVlMCUyMTNtMiUyMTFzdHIlMjEyc3RyJTIxNHYxNzQ4NTQ2MzM3NzE1JTIxNW0yJTIxMXN0ciUyMTJzdHIlMjIlMkMlMEElMjAlMjAlMjAlMjB0cmFiem9uJTNBJTIwJTIyaHR0cHMlM0ElMkYlMkZ3d3cuZ29vZ2xlLmNvbSUyRm1hcHMlMkZlbWJlZCUzRnBiJTNEJTIxMW0xNyUyMTFtMTIlMjExbTMlMjExZDMwMTYuMTM3NDE1Njg3MDM1NiUyMTJkMzkuNzA1MjY4ODc2MDM0NzMlMjEzZDQwLjg5MDgwMDQ3MTM2NzMlMjEybTMlMjExZjAlMjEyZjAlMjEzZjAlMjEzbTIlMjExaTEwMjQlMjEyaTc2OCUyMTRmMTMuMSUyMTNtMiUyMTFtMSUyMTJ6TkREQ3NEVXpKekkyTGpraVRpQXpPY0t3TkRJbk1qZ3VNaUpGJTIxNWUwJTIxM20yJTIxMXN0ciUyMTJzdHIlMjE0djE3NDg1ODcyNTk4MDklMjE1bTIlMjExc3RyJTIxMnN0ciUyMiUwQSUyMCUyMCU3RCUzQiUwQSUwQSUyMCUyMGZ1bmN0aW9uJTIwdXBkYXRlTWFwJTI4JTI5JTIwJTdCJTBBJTIwJTIwJTIwJTIwY29uc3QlMjBzZWxlY3RlZCUyMCUzRCUyMGRvY3VtZW50LmdldEVsZW1lbnRCeUlkJTI4JTIyYnJhbmNoLXNlbGVjdCUyMiUyOS52YWx1ZSUzQiUwQSUyMCUyMCUyMCUyMGRvY3VtZW50LmdldEVsZW1lbnRCeUlkJTI4JTIybWFwLWZyYW1lJTIyJTI5LnNyYyUyMCUzRCUyMG1hcExpbmtzJTVCc2VsZWN0ZWQlNUQlM0IlMEElMjAlMjAlN0QlMEElM0MlMkZzY3JpcHQlM0U=[\/vc_raw_html]<\/div><\/div><\/div><\/div><\/div>[\/vc_column][\/vc_row][vc_row][vc_column]<div class=\"cz_btn_block\"><div class=\"cz_92322_p\"><a id=\"cz_92322\" class=\"cz_92322 cz_btn cz_btn_txt_no_fx cz_btn_no_fx\" href=\"tel:+902626588877\"><span><i class=\"fa fa-volume-control-phone\"><\/i><strong>B\u0130Z\u0130 ARAYIN +90 (262) 658 88 77<\/strong><\/span><b class=\"cz_btn_onhover\"><i class=\"fa fa-volume-control-phone\"><\/i><strong>B\u0130Z\u0130 ARAYIN +90 (262) 658 88 77<\/strong><\/b><\/a><\/div><\/div>[\/vc_column][\/vc_row][vc_row][vc_column][vc_row_inner][vc_column_inner][\/vc_column_inner][\/vc_row_inner][\/vc_column][\/vc_row]<\/p>\n<\/div>","protected":false},"excerpt":{"rendered":"<p>[vc_row][vc_column width=&#8221;1\/4&#8243; css=&#8221;.vc_custom_1748528918471{border-radius: 1px !important;}&#8221;][vc_custom_heading text=&#8221;ADRES FABR\u0130KA&#8221; font_container=&#8221;tag:h2|font_size:25%20px|text_align:left|color:%23a81b19&#8243; google_fonts=&#8221;font_family:Titillium%20Web%3A200%2C200italic%2C300%2C300italic%2Cregular%2Citalic%2C600%2C600italic%2C700%2C700italic%2C900|font_style:600%20bold%20regular%3A600%3Anormal&#8221;][\/vc_column][vc_column width=&#8221;1\/4&#8243;][vc_custom_heading text=&#8221;\u00c7AYIROVA &#8230; <\/p>\n","protected":false},"author":1,"featured_media":0,"parent":0,"menu_order":0,"comment_status":"closed","ping_status":"closed","template":"","meta":{"footnotes":""},"class_list":["post-18","page","type-page","status-publish","hentry"],"_links":{"self":[{"href":"https:\/\/ekolaluminyum.com.tr\/index.php\/wp-json\/wp\/v2\/pages\/18","targetHints":{"allow":["GET"]}}],"collection":[{"href":"https:\/\/ekolaluminyum.com.tr\/index.php\/wp-json\/wp\/v2\/pages"}],"about":[{"href":"https:\/\/ekolaluminyum.com.tr\/index.php\/wp-json\/wp\/v2\/types\/page"}],"author":[{"embeddable":true,"href":"https:\/\/ekolaluminyum.com.tr\/index.php\/wp-json\/wp\/v2\/users\/1"}],"replies":[{"embeddable":true,"href":"https:\/\/ekolaluminyum.com.tr\/index.php\/wp-json\/wp\/v2\/comments?post=18"}],"version-history":[{"count":39,"href":"https:\/\/ekolaluminyum.com.tr\/index.php\/wp-json\/wp\/v2\/pages\/18\/revisions"}],"predecessor-version":[{"id":2670,"href":"https:\/\/ekolaluminyum.com.tr\/index.php\/wp-json\/wp\/v2\/pages\/18\/revisions\/2670"}],"wp:attachment":[{"href":"https:\/\/ekolaluminyum.com.tr\/index.php\/wp-json\/wp\/v2\/media?parent=18"}],"curies":[{"name":"wp","href":"https:\/\/api.w.org\/{rel}","templated":true}]}}