{"id":19,"date":"2017-06-10T08:34:22","date_gmt":"2017-06-10T08:34:22","guid":{"rendered":"http:\/\/xtratheme.comconstruction\/?page_id=13"},"modified":"2017-06-10T08:34:22","modified_gmt":"2017-06-10T08:34:22","slug":"faq","status":"publish","type":"page","link":"https:\/\/ekolaluminyum.com.tr\/index.php\/faq\/","title":{"rendered":"FAQ"},"content":{"rendered":"<div class=\"wpb-content-wrapper\"><p>[vc_row][vc_column]<div id=\"cz_107627\" class=\"cz_107627 cz_title clr cz_title_ba_line cz_title_pos_inline tac\"><div class=\"cz_title_content\"><div class=\"cz_wpe_content\"><h3 style=\"text-align: center;\"><span style=\"font-size: 36px; color: #041c3f;\"><strong>Do you have any Questions?<\/strong><\/span><\/h3>\n<\/div><div class=\"cz_title_line cz_line_after_title\"><span>_<\/span><\/div><\/div><\/div><div class=\"cz_gap clr \" style=\"height: 30px\"><\/div>[vc_column_text]<\/p>\n<p style=\"text-align: center;\">Please read questions bellow and if you can not find your answer, please send us your question, we will answer you as soon as possible.<\/p>\n<p>[\/vc_column_text]<div class=\"cz_btn_block\"><div class=\"cz_80993_p\"><a id=\"cz_80993\" class=\"cz_80993 cz_btn cz_btn_txt_no_fx cz_btn_no_fx\" href=\"tel:+1800333445\"><span><i class=\"fa fa-volume-control-phone\"><\/i><strong>CALL US TODAY +1 (800) 333 44 55<\/strong><\/span><b class=\"cz_btn_onhover\"><i class=\"fa fa-volume-control-phone\"><\/i><strong>CALL US TODAY +1 (800) 333 44 55<\/strong><\/b><\/a><\/div><\/div><div class=\"cz_gap clr \" style=\"height: 50px\"><\/div>[\/vc_column][\/vc_row][vc_row css=&#8221;.vc_custom_1497126171788{background-position: center !important;background-repeat: no-repeat !important;background-size: cover !important;}&#8221;][vc_column width=&#8221;2\/3&#8243;]<div id=\"cz_35176\" class=\"cz_35176 cz_title clr cz_title_has_icon cz_title_pos_inline\"><div class=\"cz_title_content\"><i class=\"cz_title_icon_before fa fa-question-circle\"><\/i><div class=\"cz_wpe_content\"><h3><span style=\"color: #041c3f;\">F.A.Q.<\/span><\/h3>\n<\/div><\/div><\/div><div id=\"cz_66760\" data-arrows='{\"open\":\"fa fa-angle-down\",\"close\":\"fa fa-angle-up\"}' class=\"cz_66760 cz_acc clr cz_acc_first_open\"><div><div id=\"cz_78276\"><span class=\"cz_acc_child\"><div>Your Question Title?<\/div><\/span><div class=\"cz_acc_child_content clr\">[vc_column_text]I am text block. Click edit button to change this text. Lorem ipsum dolor sit amet, consectetur adipiscing elit. Ut elit tellus, luctus nec ullamcorper mattis, pulvinar dapibus leo.[\/vc_column_text]<\/div><\/div><div id=\"cz_27384\"><span class=\"cz_acc_child\"><div>Do eiusmod tempor incidit?<\/div><\/span><div class=\"cz_acc_child_content clr\">[vc_column_text]I am text block. Click edit button to change this text. Lorem ipsum dolor sit amet, consectetur adipiscing elit. Ut elit tellus, luctus nec ullamcorper mattis, pulvinar dapibus leo.[\/vc_column_text]<\/div><\/div><div id=\"cz_60931\"><span class=\"cz_acc_child\"><div>Cupidatat iusmod tempor incid idun?<\/div><\/span><div class=\"cz_acc_child_content clr\">[vc_column_text]I am text block. Click edit button to change this text. Lorem ipsum dolor sit amet, consectetur adipiscing elit. Ut elit tellus, luctus nec ullamcorper mattis, pulvinar dapibus leo.[\/vc_column_text]<\/div><\/div><div id=\"cz_24604\"><span class=\"cz_acc_child\"><div>Excepteur sint occaecat cupidatat iusmod tempor incid idun?<\/div><\/span><div class=\"cz_acc_child_content clr\">[vc_column_text]I am text block. Click edit button to change this text. Lorem ipsum dolor sit amet, consectetur adipiscing elit. Ut elit tellus, luctus nec ullamcorper mattis, pulvinar dapibus leo.[\/vc_column_text]<\/div><\/div><div id=\"cz_86754\"><span class=\"cz_acc_child\"><div>Consectetur adipisicing elit, sed do eiusmod tempor incididunt?<\/div><\/span><div class=\"cz_acc_child_content clr\">[vc_column_text]I am text block. Click edit button to change this text. Lorem ipsum dolor sit amet, consectetur adipiscing elit. Ut elit tellus, luctus nec ullamcorper mattis, pulvinar dapibus leo.[\/vc_column_text]<\/div><\/div><\/div><\/div><div class=\"cz_gap clr \" style=\"height: 50px\"><\/div><div id=\"cz_109748\" class=\"cz_109748 cz_title clr cz_title_has_icon cz_title_pos_inline\"><div class=\"cz_title_content\"><i class=\"cz_title_icon_before fa fa-question-circle\"><\/i><div class=\"cz_wpe_content\"><h3><span style=\"color: #041c3f;\">General Questions<\/span><\/h3>\n<\/div><\/div><\/div><div id=\"cz_70822\" data-arrows='{\"open\":\"fa fa-angle-down\",\"close\":\"fa fa-angle-up\"}' class=\"cz_70822 cz_acc clr cz_acc_toggle\"><div><div id=\"cz_78276\"><span class=\"cz_acc_child\"><div>Your Question Title?<\/div><\/span><div class=\"cz_acc_child_content clr\">[vc_column_text]I am text block. Click edit button to change this text. Lorem ipsum dolor sit amet, consectetur adipiscing elit. Ut elit tellus, luctus nec ullamcorper mattis, pulvinar dapibus leo.[\/vc_column_text]<\/div><\/div><div id=\"cz_27384\"><span class=\"cz_acc_child\"><div>Do eiusmod tempor incidit?<\/div><\/span><div class=\"cz_acc_child_content clr\">[vc_column_text]I am text block. Click edit button to change this text. Lorem ipsum dolor sit amet, consectetur adipiscing elit. Ut elit tellus, luctus nec ullamcorper mattis, pulvinar dapibus leo.[\/vc_column_text]<\/div><\/div><div id=\"cz_60931\"><span class=\"cz_acc_child\"><div>Cupidatat iusmod tempor incid idun?<\/div><\/span><div class=\"cz_acc_child_content clr\">[vc_column_text]I am text block. Click edit button to change this text. Lorem ipsum dolor sit amet, consectetur adipiscing elit. Ut elit tellus, luctus nec ullamcorper mattis, pulvinar dapibus leo.[\/vc_column_text]<\/div><\/div><div id=\"cz_24604\"><span class=\"cz_acc_child\"><div>Excepteur sint occaecat cupidatat iusmod tempor incid idun?<\/div><\/span><div class=\"cz_acc_child_content clr\">[vc_column_text]I am text block. Click edit button to change this text. Lorem ipsum dolor sit amet, consectetur adipiscing elit. Ut elit tellus, luctus nec ullamcorper mattis, pulvinar dapibus leo.[\/vc_column_text]<\/div><\/div><div id=\"cz_86754\"><span class=\"cz_acc_child\"><div>Consectetur adipisicing elit, sed do eiusmod tempor incididunt?<\/div><\/span><div class=\"cz_acc_child_content clr\">[vc_column_text]I am text block. Click edit button to change this text. Lorem ipsum dolor sit amet, consectetur adipiscing elit. Ut elit tellus, luctus nec ullamcorper mattis, pulvinar dapibus leo.[\/vc_column_text]<\/div><\/div><\/div><\/div>[\/vc_column][vc_column width=&#8221;1\/3&#8243;]<div id=\"cz_59459\" class=\"cz_59459 cz_title clr cz_title_has_icon cz_title_pos_inline\"><div class=\"cz_title_content\"><i class=\"cz_title_icon_before fa fa-pencil-square-o\"><\/i><div class=\"cz_wpe_content\"><h3><span style=\"color: #041c3f;\">Ask Us<br \/>\n<\/span><\/h3>\n<\/div><\/div><\/div><pre>&quot;\u0130leti\u015fim Formu 7&quot; eklentisi y\u00fcklenmedi veya etkinle\u015ftirilmedi<\/pre>[\/vc_column][\/vc_row][vc_row][vc_column]<div class=\"cz_gap clr  hide_on_mobile\" style=\"height: 60px\"><\/div><div class=\"cz_gap show_on_mobile clr\" style=\"height: 30px\"><\/div>[\/vc_column][\/vc_row]<\/p>\n<\/div>","protected":false},"excerpt":{"rendered":"<p>[vc_row][vc_column][vc_column_text] Please read questions bellow and if you can not find &#8230; <\/p>\n","protected":false},"author":1,"featured_media":0,"parent":0,"menu_order":0,"comment_status":"closed","ping_status":"closed","template":"","meta":{"footnotes":""},"class_list":["post-19","page","type-page","status-publish","hentry"],"_links":{"self":[{"href":"https:\/\/ekolaluminyum.com.tr\/index.php\/wp-json\/wp\/v2\/pages\/19","targetHints":{"allow":["GET"]}}],"collection":[{"href":"https:\/\/ekolaluminyum.com.tr\/index.php\/wp-json\/wp\/v2\/pages"}],"about":[{"href":"https:\/\/ekolaluminyum.com.tr\/index.php\/wp-json\/wp\/v2\/types\/page"}],"author":[{"embeddable":true,"href":"https:\/\/ekolaluminyum.com.tr\/index.php\/wp-json\/wp\/v2\/users\/1"}],"replies":[{"embeddable":true,"href":"https:\/\/ekolaluminyum.com.tr\/index.php\/wp-json\/wp\/v2\/comments?post=19"}],"version-history":[{"count":0,"href":"https:\/\/ekolaluminyum.com.tr\/index.php\/wp-json\/wp\/v2\/pages\/19\/revisions"}],"wp:attachment":[{"href":"https:\/\/ekolaluminyum.com.tr\/index.php\/wp-json\/wp\/v2\/media?parent=19"}],"curies":[{"name":"wp","href":"https:\/\/api.w.org\/{rel}","templated":true}]}}