{"id":1328,"date":"2021-06-21T14:00:48","date_gmt":"2021-06-21T14:00:48","guid":{"rendered":"https:\/\/ekolaluminyum.com.tr\/?post_type=product&#038;p=1328"},"modified":"2021-06-21T14:16:57","modified_gmt":"2021-06-21T14:16:57","slug":"1271-tij-cubugu-60-cm","status":"publish","type":"product","link":"https:\/\/ekolaluminyum.com.tr\/index.php\/product\/1271-tij-cubugu-60-cm\/","title":{"rendered":"1271-73-T\u0130J \u00c7UBU\u011eU"},"content":{"rendered":"","protected":false},"excerpt":{"rendered":"<p>1271-T\u0130J \u00c7UBU\u011eU 60 CM<\/p>\n<p>1272-T\u0130J \u00c7UBU\u011eU 75 CM<\/p>\n<p>1273-T\u0130J \u00c7UBU\u011eU 100 CM &#8230; <\/p>\n","protected":false},"featured_media":1332,"template":"","meta":[],"product_brand":[],"product_cat":[90],"product_tag":[],"class_list":{"0":"post-1328","1":"product","2":"type-product","3":"status-publish","4":"has-post-thumbnail","6":"product_cat-aluminyum-kapi-ve-pencere-karsiliklari","8":"first","9":"instock","10":"shipping-taxable","11":"product-type-simple"},"_links":{"self":[{"href":"https:\/\/ekolaluminyum.com.tr\/index.php\/wp-json\/wp\/v2\/product\/1328","targetHints":{"allow":["GET"]}}],"collection":[{"href":"https:\/\/ekolaluminyum.com.tr\/index.php\/wp-json\/wp\/v2\/product"}],"about":[{"href":"https:\/\/ekolaluminyum.com.tr\/index.php\/wp-json\/wp\/v2\/types\/product"}],"wp:featuredmedia":[{"embeddable":true,"href":"https:\/\/ekolaluminyum.com.tr\/index.php\/wp-json\/wp\/v2\/media\/1332"}],"wp:attachment":[{"href":"https:\/\/ekolaluminyum.com.tr\/index.php\/wp-json\/wp\/v2\/media?parent=1328"}],"wp:term":[{"taxonomy":"product_brand","embeddable":true,"href":"https:\/\/ekolaluminyum.com.tr\/index.php\/wp-json\/wp\/v2\/product_brand?post=1328"},{"taxonomy":"product_cat","embeddable":true,"href":"https:\/\/ekolaluminyum.com.tr\/index.php\/wp-json\/wp\/v2\/product_cat?post=1328"},{"taxonomy":"product_tag","embeddable":true,"href":"https:\/\/ekolaluminyum.com.tr\/index.php\/wp-json\/wp\/v2\/product_tag?post=1328"}],"curies":[{"name":"wp","href":"https:\/\/api.w.org\/{rel}","templated":true}]}}