{"id":1700,"date":"2021-06-24T07:39:52","date_gmt":"2021-06-24T07:39:52","guid":{"rendered":"https:\/\/ekolaluminyum.com.tr\/?post_type=product&#038;p=1700"},"modified":"2021-06-24T07:39:52","modified_gmt":"2021-06-24T07:39:52","slug":"2779-ciftli-cam-spaytir","status":"publish","type":"product","link":"https:\/\/ekolaluminyum.com.tr\/index.php\/product\/2779-ciftli-cam-spaytir\/","title":{"rendered":"2779-\u00c7\u0130FTL\u0130 CAM SPAYTIR"},"content":{"rendered":"","protected":false},"excerpt":{"rendered":"","protected":false},"featured_media":1702,"template":"","meta":[],"product_brand":[],"product_cat":[92],"product_tag":[],"class_list":{"0":"post-1700","1":"product","2":"type-product","3":"status-publish","4":"has-post-thumbnail","6":"product_cat-yuvarlak-sistem-korkuluk-aksesuari","8":"first","9":"instock","10":"shipping-taxable","11":"product-type-simple"},"_links":{"self":[{"href":"https:\/\/ekolaluminyum.com.tr\/index.php\/wp-json\/wp\/v2\/product\/1700","targetHints":{"allow":["GET"]}}],"collection":[{"href":"https:\/\/ekolaluminyum.com.tr\/index.php\/wp-json\/wp\/v2\/product"}],"about":[{"href":"https:\/\/ekolaluminyum.com.tr\/index.php\/wp-json\/wp\/v2\/types\/product"}],"wp:featuredmedia":[{"embeddable":true,"href":"https:\/\/ekolaluminyum.com.tr\/index.php\/wp-json\/wp\/v2\/media\/1702"}],"wp:attachment":[{"href":"https:\/\/ekolaluminyum.com.tr\/index.php\/wp-json\/wp\/v2\/media?parent=1700"}],"wp:term":[{"taxonomy":"product_brand","embeddable":true,"href":"https:\/\/ekolaluminyum.com.tr\/index.php\/wp-json\/wp\/v2\/product_brand?post=1700"},{"taxonomy":"product_cat","embeddable":true,"href":"https:\/\/ekolaluminyum.com.tr\/index.php\/wp-json\/wp\/v2\/product_cat?post=1700"},{"taxonomy":"product_tag","embeddable":true,"href":"https:\/\/ekolaluminyum.com.tr\/index.php\/wp-json\/wp\/v2\/product_tag?post=1700"}],"curies":[{"name":"wp","href":"https:\/\/api.w.org\/{rel}","templated":true}]}}