{"id":2050,"date":"2021-06-24T15:09:45","date_gmt":"2021-06-24T15:09:45","guid":{"rendered":"https:\/\/ekolaluminyum.com.tr\/?post_type=product&#038;p=2050"},"modified":"2021-06-24T15:09:45","modified_gmt":"2021-06-24T15:09:45","slug":"6006-25x60-bilezikli-mafsalli-ayarli-donus","status":"publish","type":"product","link":"https:\/\/ekolaluminyum.com.tr\/index.php\/product\/6006-25x60-bilezikli-mafsalli-ayarli-donus\/","title":{"rendered":"6006-25X60 B\u0130LEZ\u0130KL\u0130 MAFSALLI AYARLI D\u00d6N\u00dc\u015e"},"content":{"rendered":"","protected":false},"excerpt":{"rendered":"","protected":false},"featured_media":2052,"template":"","meta":[],"product_brand":[],"product_cat":[91],"product_tag":[],"class_list":{"0":"post-2050","1":"product","2":"type-product","3":"status-publish","4":"has-post-thumbnail","6":"product_cat-kare-sistem-korkuluk-aksesuari","8":"first","9":"instock","10":"shipping-taxable","11":"product-type-simple"},"_links":{"self":[{"href":"https:\/\/ekolaluminyum.com.tr\/index.php\/wp-json\/wp\/v2\/product\/2050","targetHints":{"allow":["GET"]}}],"collection":[{"href":"https:\/\/ekolaluminyum.com.tr\/index.php\/wp-json\/wp\/v2\/product"}],"about":[{"href":"https:\/\/ekolaluminyum.com.tr\/index.php\/wp-json\/wp\/v2\/types\/product"}],"wp:featuredmedia":[{"embeddable":true,"href":"https:\/\/ekolaluminyum.com.tr\/index.php\/wp-json\/wp\/v2\/media\/2052"}],"wp:attachment":[{"href":"https:\/\/ekolaluminyum.com.tr\/index.php\/wp-json\/wp\/v2\/media?parent=2050"}],"wp:term":[{"taxonomy":"product_brand","embeddable":true,"href":"https:\/\/ekolaluminyum.com.tr\/index.php\/wp-json\/wp\/v2\/product_brand?post=2050"},{"taxonomy":"product_cat","embeddable":true,"href":"https:\/\/ekolaluminyum.com.tr\/index.php\/wp-json\/wp\/v2\/product_cat?post=2050"},{"taxonomy":"product_tag","embeddable":true,"href":"https:\/\/ekolaluminyum.com.tr\/index.php\/wp-json\/wp\/v2\/product_tag?post=2050"}],"curies":[{"name":"wp","href":"https:\/\/api.w.org\/{rel}","templated":true}]}}