{"id":2061,"date":"2021-06-24T15:15:47","date_gmt":"2021-06-24T15:15:47","guid":{"rendered":"https:\/\/ekolaluminyum.com.tr\/?post_type=product&#038;p=2061"},"modified":"2021-06-24T15:15:47","modified_gmt":"2021-06-24T15:15:47","slug":"6012-13-e-kare-bilezikli-hareketli-donus-eko","status":"publish","type":"product","link":"https:\/\/ekolaluminyum.com.tr\/index.php\/product\/6012-13-e-kare-bilezikli-hareketli-donus-eko\/","title":{"rendered":"6012-13- E KARE B\u0130LEZ\u0130KL\u0130 HAREKETL\u0130 D\u00d6N\u00dc\u015e (EKO)"},"content":{"rendered":"","protected":false},"excerpt":{"rendered":"<p>6012-E 25X60 B\u0130LEZ\u0130KL\u0130 HAREKETL\u0130 D\u00d6N\u00dc\u015e (EKO)<\/p>\n<p>6013-E 30X80 B\u0130LEZ\u0130KL\u0130 HAREKETL\u0130 D\u00d6N\u00dc\u015e (EKO) &#8230; <\/p>\n","protected":false},"featured_media":2063,"template":"","meta":[],"product_brand":[],"product_cat":[91],"product_tag":[],"class_list":{"0":"post-2061","1":"product","2":"type-product","3":"status-publish","4":"has-post-thumbnail","6":"product_cat-kare-sistem-korkuluk-aksesuari","8":"first","9":"instock","10":"shipping-taxable","11":"product-type-simple"},"_links":{"self":[{"href":"https:\/\/ekolaluminyum.com.tr\/index.php\/wp-json\/wp\/v2\/product\/2061","targetHints":{"allow":["GET"]}}],"collection":[{"href":"https:\/\/ekolaluminyum.com.tr\/index.php\/wp-json\/wp\/v2\/product"}],"about":[{"href":"https:\/\/ekolaluminyum.com.tr\/index.php\/wp-json\/wp\/v2\/types\/product"}],"wp:featuredmedia":[{"embeddable":true,"href":"https:\/\/ekolaluminyum.com.tr\/index.php\/wp-json\/wp\/v2\/media\/2063"}],"wp:attachment":[{"href":"https:\/\/ekolaluminyum.com.tr\/index.php\/wp-json\/wp\/v2\/media?parent=2061"}],"wp:term":[{"taxonomy":"product_brand","embeddable":true,"href":"https:\/\/ekolaluminyum.com.tr\/index.php\/wp-json\/wp\/v2\/product_brand?post=2061"},{"taxonomy":"product_cat","embeddable":true,"href":"https:\/\/ekolaluminyum.com.tr\/index.php\/wp-json\/wp\/v2\/product_cat?post=2061"},{"taxonomy":"product_tag","embeddable":true,"href":"https:\/\/ekolaluminyum.com.tr\/index.php\/wp-json\/wp\/v2\/product_tag?post=2061"}],"curies":[{"name":"wp","href":"https:\/\/api.w.org\/{rel}","templated":true}]}}