{"id":2064,"date":"2021-06-24T15:25:03","date_gmt":"2021-06-24T15:25:03","guid":{"rendered":"https:\/\/ekolaluminyum.com.tr\/?post_type=product&#038;p=2064"},"modified":"2021-06-24T15:25:03","modified_gmt":"2021-06-24T15:25:03","slug":"6014-15-kare-sabit-kose-donus-kaynakli","status":"publish","type":"product","link":"https:\/\/ekolaluminyum.com.tr\/index.php\/product\/6014-15-kare-sabit-kose-donus-kaynakli\/","title":{"rendered":"6014-15-KARE SAB\u0130T K\u00d6\u015eE D\u00d6N\u00dc\u015e (KAYNAKLI)"},"content":{"rendered":"","protected":false},"excerpt":{"rendered":"<p>6014-25X60 SAB\u0130T K\u00d6\u015eE D\u00d6N\u00dc\u015e (KAYNAKLI)<\/p>\n<p>6015-30X80 SAB\u0130T K\u00d6\u015eE D\u00d6N\u00dc\u015e (KAYNAKLI) &#8230; <\/p>\n","protected":false},"featured_media":2066,"template":"","meta":[],"product_brand":[],"product_cat":[91],"product_tag":[],"class_list":{"0":"post-2064","1":"product","2":"type-product","3":"status-publish","4":"has-post-thumbnail","6":"product_cat-kare-sistem-korkuluk-aksesuari","8":"first","9":"instock","10":"shipping-taxable","11":"product-type-simple"},"_links":{"self":[{"href":"https:\/\/ekolaluminyum.com.tr\/index.php\/wp-json\/wp\/v2\/product\/2064","targetHints":{"allow":["GET"]}}],"collection":[{"href":"https:\/\/ekolaluminyum.com.tr\/index.php\/wp-json\/wp\/v2\/product"}],"about":[{"href":"https:\/\/ekolaluminyum.com.tr\/index.php\/wp-json\/wp\/v2\/types\/product"}],"wp:featuredmedia":[{"embeddable":true,"href":"https:\/\/ekolaluminyum.com.tr\/index.php\/wp-json\/wp\/v2\/media\/2066"}],"wp:attachment":[{"href":"https:\/\/ekolaluminyum.com.tr\/index.php\/wp-json\/wp\/v2\/media?parent=2064"}],"wp:term":[{"taxonomy":"product_brand","embeddable":true,"href":"https:\/\/ekolaluminyum.com.tr\/index.php\/wp-json\/wp\/v2\/product_brand?post=2064"},{"taxonomy":"product_cat","embeddable":true,"href":"https:\/\/ekolaluminyum.com.tr\/index.php\/wp-json\/wp\/v2\/product_cat?post=2064"},{"taxonomy":"product_tag","embeddable":true,"href":"https:\/\/ekolaluminyum.com.tr\/index.php\/wp-json\/wp\/v2\/product_tag?post=2064"}],"curies":[{"name":"wp","href":"https:\/\/api.w.org\/{rel}","templated":true}]}}