{"id":2073,"date":"2021-06-25T05:58:13","date_gmt":"2021-06-25T05:58:13","guid":{"rendered":"https:\/\/ekolaluminyum.com.tr\/?post_type=product&#038;p=2073"},"modified":"2021-06-25T05:58:13","modified_gmt":"2021-06-25T05:58:13","slug":"6018-a-19-kare-90-derece-kaynakli-kose-onden-cam-kanalli","status":"publish","type":"product","link":"https:\/\/ekolaluminyum.com.tr\/index.php\/product\/6018-a-19-kare-90-derece-kaynakli-kose-onden-cam-kanalli\/","title":{"rendered":"6018-A-19- KARE 90 DERECE KAYNAKLI K\u00d6\u015eE \u00d6NDEN CAM KANALLI"},"content":{"rendered":"","protected":false},"excerpt":{"rendered":"<p>6018-A 25X60 90 DERECE KAYNAKLI K\u00d6\u015eE \u00d6NDEN CAM KANALLI<\/p>\n<p>6019-A 30X80 90 &#8230; <\/p>\n","protected":false},"featured_media":2075,"template":"","meta":[],"product_brand":[],"product_cat":[91],"product_tag":[],"class_list":{"0":"post-2073","1":"product","2":"type-product","3":"status-publish","4":"has-post-thumbnail","6":"product_cat-kare-sistem-korkuluk-aksesuari","8":"first","9":"instock","10":"shipping-taxable","11":"product-type-simple"},"_links":{"self":[{"href":"https:\/\/ekolaluminyum.com.tr\/index.php\/wp-json\/wp\/v2\/product\/2073","targetHints":{"allow":["GET"]}}],"collection":[{"href":"https:\/\/ekolaluminyum.com.tr\/index.php\/wp-json\/wp\/v2\/product"}],"about":[{"href":"https:\/\/ekolaluminyum.com.tr\/index.php\/wp-json\/wp\/v2\/types\/product"}],"wp:featuredmedia":[{"embeddable":true,"href":"https:\/\/ekolaluminyum.com.tr\/index.php\/wp-json\/wp\/v2\/media\/2075"}],"wp:attachment":[{"href":"https:\/\/ekolaluminyum.com.tr\/index.php\/wp-json\/wp\/v2\/media?parent=2073"}],"wp:term":[{"taxonomy":"product_brand","embeddable":true,"href":"https:\/\/ekolaluminyum.com.tr\/index.php\/wp-json\/wp\/v2\/product_brand?post=2073"},{"taxonomy":"product_cat","embeddable":true,"href":"https:\/\/ekolaluminyum.com.tr\/index.php\/wp-json\/wp\/v2\/product_cat?post=2073"},{"taxonomy":"product_tag","embeddable":true,"href":"https:\/\/ekolaluminyum.com.tr\/index.php\/wp-json\/wp\/v2\/product_tag?post=2073"}],"curies":[{"name":"wp","href":"https:\/\/api.w.org\/{rel}","templated":true}]}}