{"id":2216,"date":"2021-06-25T11:00:19","date_gmt":"2021-06-25T11:00:19","guid":{"rendered":"https:\/\/ekolaluminyum.com.tr\/?post_type=product&#038;p=2216"},"modified":"2021-06-25T11:00:19","modified_gmt":"2021-06-25T11:00:19","slug":"7005-2540-ayakli-cok-yonlu-kure-2560","status":"publish","type":"product","link":"https:\/\/ekolaluminyum.com.tr\/index.php\/product\/7005-2540-ayakli-cok-yonlu-kure-2560\/","title":{"rendered":"7005-25*40 AYAKLI \u00c7OK Y\u00d6NL\u00dc K\u00dcRE 25*60"},"content":{"rendered":"","protected":false},"excerpt":{"rendered":"","protected":false},"featured_media":2218,"template":"","meta":[],"product_brand":[],"product_cat":[91],"product_tag":[],"class_list":{"0":"post-2216","1":"product","2":"type-product","3":"status-publish","4":"has-post-thumbnail","6":"product_cat-kare-sistem-korkuluk-aksesuari","8":"first","9":"instock","10":"shipping-taxable","11":"product-type-simple"},"_links":{"self":[{"href":"https:\/\/ekolaluminyum.com.tr\/index.php\/wp-json\/wp\/v2\/product\/2216","targetHints":{"allow":["GET"]}}],"collection":[{"href":"https:\/\/ekolaluminyum.com.tr\/index.php\/wp-json\/wp\/v2\/product"}],"about":[{"href":"https:\/\/ekolaluminyum.com.tr\/index.php\/wp-json\/wp\/v2\/types\/product"}],"wp:featuredmedia":[{"embeddable":true,"href":"https:\/\/ekolaluminyum.com.tr\/index.php\/wp-json\/wp\/v2\/media\/2218"}],"wp:attachment":[{"href":"https:\/\/ekolaluminyum.com.tr\/index.php\/wp-json\/wp\/v2\/media?parent=2216"}],"wp:term":[{"taxonomy":"product_brand","embeddable":true,"href":"https:\/\/ekolaluminyum.com.tr\/index.php\/wp-json\/wp\/v2\/product_brand?post=2216"},{"taxonomy":"product_cat","embeddable":true,"href":"https:\/\/ekolaluminyum.com.tr\/index.php\/wp-json\/wp\/v2\/product_cat?post=2216"},{"taxonomy":"product_tag","embeddable":true,"href":"https:\/\/ekolaluminyum.com.tr\/index.php\/wp-json\/wp\/v2\/product_tag?post=2216"}],"curies":[{"name":"wp","href":"https:\/\/api.w.org\/{rel}","templated":true}]}}