{"id":2359,"date":"2021-06-28T08:49:43","date_gmt":"2021-06-28T08:49:43","guid":{"rendered":"https:\/\/ekolaluminyum.com.tr\/?post_type=product&#038;p=2359"},"modified":"2021-06-28T08:49:44","modified_gmt":"2021-06-28T08:49:44","slug":"2016-a-b-ciftli-ayarli-rulman-aluminyum-govde","status":"publish","type":"product","link":"https:\/\/ekolaluminyum.com.tr\/index.php\/product\/2016-a-b-ciftli-ayarli-rulman-aluminyum-govde\/","title":{"rendered":"2016-A-B-\u00c7\u0130FTL\u0130 AYARLI RULMAN (AL\u00dcM\u0130NYUM G\u00d6VDE)"},"content":{"rendered":"","protected":false},"excerpt":{"rendered":"<p>2016-A \u00c7\u0130FTL\u0130 AYARLI PLAST\u0130K RULMAN (AL\u00dcM\u0130NYUM G\u00d6VDE)<\/p>\n<p>2016-B \u00c7\u0130FTL\u0130 AYARLI SARI RULMAN &#8230; <\/p>\n","protected":false},"featured_media":2361,"template":"","meta":[],"product_brand":[],"product_cat":[89],"product_tag":[],"class_list":{"0":"post-2359","1":"product","2":"type-product","3":"status-publish","4":"has-post-thumbnail","6":"product_cat-aluminyum-surme-ve-rulman-grubu","8":"first","9":"instock","10":"shipping-taxable","11":"product-type-simple"},"_links":{"self":[{"href":"https:\/\/ekolaluminyum.com.tr\/index.php\/wp-json\/wp\/v2\/product\/2359","targetHints":{"allow":["GET"]}}],"collection":[{"href":"https:\/\/ekolaluminyum.com.tr\/index.php\/wp-json\/wp\/v2\/product"}],"about":[{"href":"https:\/\/ekolaluminyum.com.tr\/index.php\/wp-json\/wp\/v2\/types\/product"}],"wp:featuredmedia":[{"embeddable":true,"href":"https:\/\/ekolaluminyum.com.tr\/index.php\/wp-json\/wp\/v2\/media\/2361"}],"wp:attachment":[{"href":"https:\/\/ekolaluminyum.com.tr\/index.php\/wp-json\/wp\/v2\/media?parent=2359"}],"wp:term":[{"taxonomy":"product_brand","embeddable":true,"href":"https:\/\/ekolaluminyum.com.tr\/index.php\/wp-json\/wp\/v2\/product_brand?post=2359"},{"taxonomy":"product_cat","embeddable":true,"href":"https:\/\/ekolaluminyum.com.tr\/index.php\/wp-json\/wp\/v2\/product_cat?post=2359"},{"taxonomy":"product_tag","embeddable":true,"href":"https:\/\/ekolaluminyum.com.tr\/index.php\/wp-json\/wp\/v2\/product_tag?post=2359"}],"curies":[{"name":"wp","href":"https:\/\/api.w.org\/{rel}","templated":true}]}}