{"id":2362,"date":"2021-06-28T09:08:03","date_gmt":"2021-06-28T09:08:03","guid":{"rendered":"https:\/\/ekolaluminyum.com.tr\/?post_type=product&#038;p=2362"},"modified":"2021-06-28T09:08:03","modified_gmt":"2021-06-28T09:08:03","slug":"2018-a-b-ayarli-ciftli-rulman","status":"publish","type":"product","link":"https:\/\/ekolaluminyum.com.tr\/index.php\/product\/2018-a-b-ayarli-ciftli-rulman\/","title":{"rendered":"2018-A-B- AYARLI \u00c7\u0130FTLI RULMAN"},"content":{"rendered":"","protected":false},"excerpt":{"rendered":"<p>2018-A AYARLI \u00c7\u0130FTLI RULMAN SARI<\/p>\n<p>2018-B AYARLI \u00c7\u0130FTLI RULMAN PLAST\u0130K &#8230; <\/p>\n","protected":false},"featured_media":2364,"template":"","meta":[],"product_brand":[],"product_cat":[89],"product_tag":[],"class_list":{"0":"post-2362","1":"product","2":"type-product","3":"status-publish","4":"has-post-thumbnail","6":"product_cat-aluminyum-surme-ve-rulman-grubu","8":"first","9":"instock","10":"shipping-taxable","11":"product-type-simple"},"_links":{"self":[{"href":"https:\/\/ekolaluminyum.com.tr\/index.php\/wp-json\/wp\/v2\/product\/2362","targetHints":{"allow":["GET"]}}],"collection":[{"href":"https:\/\/ekolaluminyum.com.tr\/index.php\/wp-json\/wp\/v2\/product"}],"about":[{"href":"https:\/\/ekolaluminyum.com.tr\/index.php\/wp-json\/wp\/v2\/types\/product"}],"wp:featuredmedia":[{"embeddable":true,"href":"https:\/\/ekolaluminyum.com.tr\/index.php\/wp-json\/wp\/v2\/media\/2364"}],"wp:attachment":[{"href":"https:\/\/ekolaluminyum.com.tr\/index.php\/wp-json\/wp\/v2\/media?parent=2362"}],"wp:term":[{"taxonomy":"product_brand","embeddable":true,"href":"https:\/\/ekolaluminyum.com.tr\/index.php\/wp-json\/wp\/v2\/product_brand?post=2362"},{"taxonomy":"product_cat","embeddable":true,"href":"https:\/\/ekolaluminyum.com.tr\/index.php\/wp-json\/wp\/v2\/product_cat?post=2362"},{"taxonomy":"product_tag","embeddable":true,"href":"https:\/\/ekolaluminyum.com.tr\/index.php\/wp-json\/wp\/v2\/product_tag?post=2362"}],"curies":[{"name":"wp","href":"https:\/\/api.w.org\/{rel}","templated":true}]}}