{"id":2392,"date":"2021-06-28T10:49:01","date_gmt":"2021-06-28T10:49:01","guid":{"rendered":"https:\/\/ekolaluminyum.com.tr\/?post_type=product&#038;p=2392"},"modified":"2021-06-28T10:49:01","modified_gmt":"2021-06-28T10:49:01","slug":"2112-13-aluminyum-firca-t-alttan","status":"publish","type":"product","link":"https:\/\/ekolaluminyum.com.tr\/index.php\/product\/2112-13-aluminyum-firca-t-alttan\/","title":{"rendered":"2112-13-AL\u00dcM\u0130NYUM FIR\u00c7A T (ALTTAN)"},"content":{"rendered":"","protected":false},"excerpt":{"rendered":"<p>2112-AL\u00dcM\u0130NYUM FIR\u00c7A T 90 CM (ALTTAN)<\/p>\n<p>2113-AL\u00dcM\u0130NYUM FIR\u00c7A T 100 CM (ALTTAN) &#8230; <\/p>\n","protected":false},"featured_media":2394,"template":"","meta":[],"product_brand":[],"product_cat":[88],"product_tag":[],"class_list":{"0":"post-2392","1":"product","2":"type-product","3":"status-publish","4":"has-post-thumbnail","6":"product_cat-aluminyum-diger-aksesuarlar","8":"first","9":"instock","10":"shipping-taxable","11":"product-type-simple"},"_links":{"self":[{"href":"https:\/\/ekolaluminyum.com.tr\/index.php\/wp-json\/wp\/v2\/product\/2392","targetHints":{"allow":["GET"]}}],"collection":[{"href":"https:\/\/ekolaluminyum.com.tr\/index.php\/wp-json\/wp\/v2\/product"}],"about":[{"href":"https:\/\/ekolaluminyum.com.tr\/index.php\/wp-json\/wp\/v2\/types\/product"}],"wp:featuredmedia":[{"embeddable":true,"href":"https:\/\/ekolaluminyum.com.tr\/index.php\/wp-json\/wp\/v2\/media\/2394"}],"wp:attachment":[{"href":"https:\/\/ekolaluminyum.com.tr\/index.php\/wp-json\/wp\/v2\/media?parent=2392"}],"wp:term":[{"taxonomy":"product_brand","embeddable":true,"href":"https:\/\/ekolaluminyum.com.tr\/index.php\/wp-json\/wp\/v2\/product_brand?post=2392"},{"taxonomy":"product_cat","embeddable":true,"href":"https:\/\/ekolaluminyum.com.tr\/index.php\/wp-json\/wp\/v2\/product_cat?post=2392"},{"taxonomy":"product_tag","embeddable":true,"href":"https:\/\/ekolaluminyum.com.tr\/index.php\/wp-json\/wp\/v2\/product_tag?post=2392"}],"curies":[{"name":"wp","href":"https:\/\/api.w.org\/{rel}","templated":true}]}}