{"id":2927,"date":"2025-06-25T10:41:27","date_gmt":"2025-06-25T10:41:27","guid":{"rendered":"https:\/\/ekolaluminyum.com.tr\/index.php\/product\/1428-65mm-camli-kupeste-alt-baza-cift-tarafli\/"},"modified":"2025-06-25T10:41:27","modified_gmt":"2025-06-25T10:41:27","slug":"1428-65mm-camli-kupeste-alt-baza-cift-tarafli","status":"publish","type":"product","link":"https:\/\/ekolaluminyum.com.tr\/index.php\/product\/1428-65mm-camli-kupeste-alt-baza-cift-tarafli\/","title":{"rendered":"1428- 65MM CAMLI K\u00dcPE\u015eTE ALT BAZA \u00c7\u0130FT TARAFLI"},"content":{"rendered":"<p>65.3X 45 1.8 MM<\/p>\n","protected":false},"excerpt":{"rendered":"<p>1,482 kg\/m &#8230; <\/p>\n","protected":false},"featured_media":2926,"template":"","meta":[],"product_brand":[],"product_cat":[153],"product_tag":[],"class_list":{"0":"post-2927","1":"product","2":"type-product","3":"status-publish","4":"has-post-thumbnail","6":"product_cat-kupeste-profilleri-2","8":"first","9":"instock","10":"shipping-taxable","11":"purchasable","12":"product-type-simple"},"_links":{"self":[{"href":"https:\/\/ekolaluminyum.com.tr\/index.php\/wp-json\/wp\/v2\/product\/2927","targetHints":{"allow":["GET"]}}],"collection":[{"href":"https:\/\/ekolaluminyum.com.tr\/index.php\/wp-json\/wp\/v2\/product"}],"about":[{"href":"https:\/\/ekolaluminyum.com.tr\/index.php\/wp-json\/wp\/v2\/types\/product"}],"wp:featuredmedia":[{"embeddable":true,"href":"https:\/\/ekolaluminyum.com.tr\/index.php\/wp-json\/wp\/v2\/media\/2926"}],"wp:attachment":[{"href":"https:\/\/ekolaluminyum.com.tr\/index.php\/wp-json\/wp\/v2\/media?parent=2927"}],"wp:term":[{"taxonomy":"product_brand","embeddable":true,"href":"https:\/\/ekolaluminyum.com.tr\/index.php\/wp-json\/wp\/v2\/product_brand?post=2927"},{"taxonomy":"product_cat","embeddable":true,"href":"https:\/\/ekolaluminyum.com.tr\/index.php\/wp-json\/wp\/v2\/product_cat?post=2927"},{"taxonomy":"product_tag","embeddable":true,"href":"https:\/\/ekolaluminyum.com.tr\/index.php\/wp-json\/wp\/v2\/product_tag?post=2927"}],"curies":[{"name":"wp","href":"https:\/\/api.w.org\/{rel}","templated":true}]}}