{"id":3073,"date":"2025-06-25T10:43:04","date_gmt":"2025-06-25T10:43:04","guid":{"rendered":"https:\/\/ekolaluminyum.com.tr\/index.php\/product\/1353-c-60-carpma-kapi-adaptoru\/"},"modified":"2025-06-25T10:43:04","modified_gmt":"2025-06-25T10:43:04","slug":"1353-c-60-carpma-kapi-adaptoru","status":"publish","type":"product","link":"https:\/\/ekolaluminyum.com.tr\/index.php\/product\/1353-c-60-carpma-kapi-adaptoru\/","title":{"rendered":"1353- C-60 \u00c7ARPMA KAPI ADAPT\u00d6R\u00dc"},"content":{"rendered":"<p>60X12 1.1 MM<\/p>\n","protected":false},"excerpt":{"rendered":"<p>0,31 kg\/m &#8230; <\/p>\n","protected":false},"featured_media":3072,"template":"","meta":[],"product_brand":[],"product_cat":[158],"product_tag":[],"class_list":{"0":"post-3073","1":"product","2":"type-product","3":"status-publish","4":"has-post-thumbnail","6":"product_cat-c-60-serisi-2","8":"first","9":"instock","10":"shipping-taxable","11":"purchasable","12":"product-type-simple"},"_links":{"self":[{"href":"https:\/\/ekolaluminyum.com.tr\/index.php\/wp-json\/wp\/v2\/product\/3073","targetHints":{"allow":["GET"]}}],"collection":[{"href":"https:\/\/ekolaluminyum.com.tr\/index.php\/wp-json\/wp\/v2\/product"}],"about":[{"href":"https:\/\/ekolaluminyum.com.tr\/index.php\/wp-json\/wp\/v2\/types\/product"}],"wp:featuredmedia":[{"embeddable":true,"href":"https:\/\/ekolaluminyum.com.tr\/index.php\/wp-json\/wp\/v2\/media\/3072"}],"wp:attachment":[{"href":"https:\/\/ekolaluminyum.com.tr\/index.php\/wp-json\/wp\/v2\/media?parent=3073"}],"wp:term":[{"taxonomy":"product_brand","embeddable":true,"href":"https:\/\/ekolaluminyum.com.tr\/index.php\/wp-json\/wp\/v2\/product_brand?post=3073"},{"taxonomy":"product_cat","embeddable":true,"href":"https:\/\/ekolaluminyum.com.tr\/index.php\/wp-json\/wp\/v2\/product_cat?post=3073"},{"taxonomy":"product_tag","embeddable":true,"href":"https:\/\/ekolaluminyum.com.tr\/index.php\/wp-json\/wp\/v2\/product_tag?post=3073"}],"curies":[{"name":"wp","href":"https:\/\/api.w.org\/{rel}","templated":true}]}}