{"id":3114,"date":"2025-06-25T10:43:42","date_gmt":"2025-06-25T10:43:42","guid":{"rendered":"https:\/\/ekolaluminyum.com.tr\/index.php\/product\/ekl-55-2003-ice-acilir-kapi\/"},"modified":"2025-06-25T10:43:43","modified_gmt":"2025-06-25T10:43:43","slug":"ekl-55-2003-ice-acilir-kapi","status":"publish","type":"product","link":"https:\/\/ekolaluminyum.com.tr\/index.php\/product\/ekl-55-2003-ice-acilir-kapi\/","title":{"rendered":"EKL-55-2003- \u0130\u00c7E A\u00c7ILIR KAPI"},"content":{"rendered":"<p>103.7X63.2 1.4 MM<\/p>\n","protected":false},"excerpt":{"rendered":"<p>1,697 kg\/m &#8230; <\/p>\n","protected":false},"featured_media":3113,"template":"","meta":[],"product_brand":[],"product_cat":[161],"product_tag":[],"class_list":{"0":"post-3114","1":"product","2":"type-product","3":"status-publish","4":"has-post-thumbnail","6":"product_cat-sistem-55-isi-yalitimli-seri-2","8":"first","9":"instock","10":"shipping-taxable","11":"purchasable","12":"product-type-simple"},"_links":{"self":[{"href":"https:\/\/ekolaluminyum.com.tr\/index.php\/wp-json\/wp\/v2\/product\/3114","targetHints":{"allow":["GET"]}}],"collection":[{"href":"https:\/\/ekolaluminyum.com.tr\/index.php\/wp-json\/wp\/v2\/product"}],"about":[{"href":"https:\/\/ekolaluminyum.com.tr\/index.php\/wp-json\/wp\/v2\/types\/product"}],"wp:featuredmedia":[{"embeddable":true,"href":"https:\/\/ekolaluminyum.com.tr\/index.php\/wp-json\/wp\/v2\/media\/3113"}],"wp:attachment":[{"href":"https:\/\/ekolaluminyum.com.tr\/index.php\/wp-json\/wp\/v2\/media?parent=3114"}],"wp:term":[{"taxonomy":"product_brand","embeddable":true,"href":"https:\/\/ekolaluminyum.com.tr\/index.php\/wp-json\/wp\/v2\/product_brand?post=3114"},{"taxonomy":"product_cat","embeddable":true,"href":"https:\/\/ekolaluminyum.com.tr\/index.php\/wp-json\/wp\/v2\/product_cat?post=3114"},{"taxonomy":"product_tag","embeddable":true,"href":"https:\/\/ekolaluminyum.com.tr\/index.php\/wp-json\/wp\/v2\/product_tag?post=3114"}],"curies":[{"name":"wp","href":"https:\/\/api.w.org\/{rel}","templated":true}]}}