{"id":3257,"date":"2025-06-25T10:45:17","date_gmt":"2025-06-25T10:45:17","guid":{"rendered":"https:\/\/ekolaluminyum.com.tr\/index.php\/product\/1314-3lu-surme-esikli-ray\/"},"modified":"2025-06-25T10:45:18","modified_gmt":"2025-06-25T10:45:18","slug":"1314-3lu-surme-esikli-ray","status":"publish","type":"product","link":"https:\/\/ekolaluminyum.com.tr\/index.php\/product\/1314-3lu-surme-esikli-ray\/","title":{"rendered":"1314-3&#8217;L\u00dc S\u00dcRME E\u015e\u0130KL\u0130 RAY"},"content":{"rendered":"<p>55.4X38.8 1.5 MM<\/p>\n","protected":false},"excerpt":{"rendered":"<p>1,051 kg\/m &#8230; <\/p>\n","protected":false},"featured_media":3256,"template":"","meta":[],"product_brand":[],"product_cat":[171],"product_tag":[],"class_list":{"0":"post-3257","1":"product","2":"type-product","3":"status-publish","4":"has-post-thumbnail","6":"product_cat-3-kizakli-surme-cam-balkon-2","8":"first","9":"instock","10":"shipping-taxable","11":"purchasable","12":"product-type-simple"},"_links":{"self":[{"href":"https:\/\/ekolaluminyum.com.tr\/index.php\/wp-json\/wp\/v2\/product\/3257","targetHints":{"allow":["GET"]}}],"collection":[{"href":"https:\/\/ekolaluminyum.com.tr\/index.php\/wp-json\/wp\/v2\/product"}],"about":[{"href":"https:\/\/ekolaluminyum.com.tr\/index.php\/wp-json\/wp\/v2\/types\/product"}],"wp:featuredmedia":[{"embeddable":true,"href":"https:\/\/ekolaluminyum.com.tr\/index.php\/wp-json\/wp\/v2\/media\/3256"}],"wp:attachment":[{"href":"https:\/\/ekolaluminyum.com.tr\/index.php\/wp-json\/wp\/v2\/media?parent=3257"}],"wp:term":[{"taxonomy":"product_brand","embeddable":true,"href":"https:\/\/ekolaluminyum.com.tr\/index.php\/wp-json\/wp\/v2\/product_brand?post=3257"},{"taxonomy":"product_cat","embeddable":true,"href":"https:\/\/ekolaluminyum.com.tr\/index.php\/wp-json\/wp\/v2\/product_cat?post=3257"},{"taxonomy":"product_tag","embeddable":true,"href":"https:\/\/ekolaluminyum.com.tr\/index.php\/wp-json\/wp\/v2\/product_tag?post=3257"}],"curies":[{"name":"wp","href":"https:\/\/api.w.org\/{rel}","templated":true}]}}