{"id":3382,"date":"2025-06-25T10:46:32","date_gmt":"2025-06-25T10:46:32","guid":{"rendered":"https:\/\/ekolaluminyum.com.tr\/index.php\/product\/1254-mentese-profili\/"},"modified":"2025-06-25T10:46:33","modified_gmt":"2025-06-25T10:46:33","slug":"1254-mentese-profili","status":"publish","type":"product","link":"https:\/\/ekolaluminyum.com.tr\/index.php\/product\/1254-mentese-profili\/","title":{"rendered":"1254-MENTE\u015eE PROF\u0130L\u0130"},"content":{"rendered":"<p>35.7X33.1 3.1 MM<\/p>\n","protected":false},"excerpt":{"rendered":"<p>0,55 kg\/m &#8230; <\/p>\n","protected":false},"featured_media":3381,"template":"","meta":[],"product_brand":[],"product_cat":[184],"product_tag":[],"class_list":{"0":"post-3382","1":"product","2":"type-product","3":"status-publish","4":"has-post-thumbnail","6":"product_cat-mentese-profilleri-2","8":"first","9":"instock","10":"shipping-taxable","11":"purchasable","12":"product-type-simple"},"_links":{"self":[{"href":"https:\/\/ekolaluminyum.com.tr\/index.php\/wp-json\/wp\/v2\/product\/3382","targetHints":{"allow":["GET"]}}],"collection":[{"href":"https:\/\/ekolaluminyum.com.tr\/index.php\/wp-json\/wp\/v2\/product"}],"about":[{"href":"https:\/\/ekolaluminyum.com.tr\/index.php\/wp-json\/wp\/v2\/types\/product"}],"wp:featuredmedia":[{"embeddable":true,"href":"https:\/\/ekolaluminyum.com.tr\/index.php\/wp-json\/wp\/v2\/media\/3381"}],"wp:attachment":[{"href":"https:\/\/ekolaluminyum.com.tr\/index.php\/wp-json\/wp\/v2\/media?parent=3382"}],"wp:term":[{"taxonomy":"product_brand","embeddable":true,"href":"https:\/\/ekolaluminyum.com.tr\/index.php\/wp-json\/wp\/v2\/product_brand?post=3382"},{"taxonomy":"product_cat","embeddable":true,"href":"https:\/\/ekolaluminyum.com.tr\/index.php\/wp-json\/wp\/v2\/product_cat?post=3382"},{"taxonomy":"product_tag","embeddable":true,"href":"https:\/\/ekolaluminyum.com.tr\/index.php\/wp-json\/wp\/v2\/product_tag?post=3382"}],"curies":[{"name":"wp","href":"https:\/\/api.w.org\/{rel}","templated":true}]}}