{"id":3450,"date":"2025-06-25T10:47:14","date_gmt":"2025-06-25T10:47:14","guid":{"rendered":"https:\/\/ekolaluminyum.com.tr\/index.php\/product\/1013-b-baglanti-profili\/"},"modified":"2025-06-25T10:47:15","modified_gmt":"2025-06-25T10:47:15","slug":"1013-b-baglanti-profili","status":"publish","type":"product","link":"https:\/\/ekolaluminyum.com.tr\/index.php\/product\/1013-b-baglanti-profili\/","title":{"rendered":"1013-B-BA\u011eLANTI PROF\u0130L\u0130"},"content":{"rendered":"<p>95X74 4 MM<\/p>\n","protected":false},"excerpt":{"rendered":"<p>2,552 kg\/m &#8230; <\/p>\n","protected":false},"featured_media":3449,"template":"","meta":[],"product_brand":[],"product_cat":[185],"product_tag":[],"class_list":{"0":"post-3450","1":"product","2":"type-product","3":"status-publish","4":"has-post-thumbnail","6":"product_cat-baglanti-profilleri-2","8":"first","9":"instock","10":"shipping-taxable","11":"purchasable","12":"product-type-simple"},"_links":{"self":[{"href":"https:\/\/ekolaluminyum.com.tr\/index.php\/wp-json\/wp\/v2\/product\/3450","targetHints":{"allow":["GET"]}}],"collection":[{"href":"https:\/\/ekolaluminyum.com.tr\/index.php\/wp-json\/wp\/v2\/product"}],"about":[{"href":"https:\/\/ekolaluminyum.com.tr\/index.php\/wp-json\/wp\/v2\/types\/product"}],"wp:featuredmedia":[{"embeddable":true,"href":"https:\/\/ekolaluminyum.com.tr\/index.php\/wp-json\/wp\/v2\/media\/3449"}],"wp:attachment":[{"href":"https:\/\/ekolaluminyum.com.tr\/index.php\/wp-json\/wp\/v2\/media?parent=3450"}],"wp:term":[{"taxonomy":"product_brand","embeddable":true,"href":"https:\/\/ekolaluminyum.com.tr\/index.php\/wp-json\/wp\/v2\/product_brand?post=3450"},{"taxonomy":"product_cat","embeddable":true,"href":"https:\/\/ekolaluminyum.com.tr\/index.php\/wp-json\/wp\/v2\/product_cat?post=3450"},{"taxonomy":"product_tag","embeddable":true,"href":"https:\/\/ekolaluminyum.com.tr\/index.php\/wp-json\/wp\/v2\/product_tag?post=3450"}],"curies":[{"name":"wp","href":"https:\/\/api.w.org\/{rel}","templated":true}]}}